{"id":34,"date":"2022-02-18T22:43:34","date_gmt":"2022-02-18T22:43:34","guid":{"rendered":"https:\/\/clickturismo.es\/?page_id=34"},"modified":"2022-03-17T20:59:11","modified_gmt":"2022-03-17T20:59:11","slug":"zamora","status":"publish","type":"page","link":"https:\/\/clickturismo.es\/index.php\/zamora\/","title":{"rendered":"Zamora"},"content":{"rendered":"\n<hr class=\"wp-block-separator\"\/>\n\n\n\n<p><strong>Son muchos los&nbsp;motivos&nbsp;para&nbsp;viajar&nbsp;a la&nbsp;provincia de Zamora&nbsp;y&nbsp;disfrutar de sus atractivos tur\u00edsticos. Quiz\u00e1 los argumentos m\u00e1s destacados pasen por conocer sus variados paisajes y sus cuatro&nbsp;espacios naturales protegidos&nbsp;que existen en el territorio provincial; &nbsp;por&nbsp;visitar el rico patrimonio&nbsp;hist\u00f3rico y art\u00edstico&nbsp;de estas tierras&nbsp; y, en tercer lugar, por degustar sus excelentes&nbsp;productos gastron\u00f3micos.<\/strong><\/p>\n\n\n\n<p><strong>A&nbsp;lo largo de todo el a\u00f1o, y especialmente en determinadas fechas del calendario festivo, existe la oportunidad de&nbsp;acercarse a una provincia donde&nbsp;las tradiciones y&nbsp;las fiestas populares, todav\u00eda profundamente enraizadas, sorprenden al viajero por su autenticidad.<\/strong><\/p>\n\n\n\n<p><strong>\u00a1Sed bienvenidos!<\/strong><\/p>\n\n\n\n<hr class=\"wp-block-separator\"\/>\n\n\n\n<figure class=\"wp-block-image size-full is-resized\"><img loading=\"lazy\" decoding=\"async\" src=\"https:\/\/clickturismo.es\/wp-content\/uploads\/2022\/02\/Zamora14-1.jpg\" alt=\"\" class=\"wp-image-212\" width=\"1239\" height=\"824\" srcset=\"https:\/\/clickturismo.es\/wp-content\/uploads\/2022\/02\/Zamora14-1.jpg 567w, https:\/\/clickturismo.es\/wp-content\/uploads\/2022\/02\/Zamora14-1-300x199.jpg 300w, https:\/\/clickturismo.es\/wp-content\/uploads\/2022\/02\/Zamora14-1-389x259.jpg 389w\" sizes=\"auto, (max-width: 1239px) 100vw, 1239px\" \/><\/figure>\n\n\n\n<hr class=\"wp-block-separator\"\/>\n\n\n\n<figure class=\"wp-block-image size-full is-resized\"><a href=\"http:\/\/www.verzamora.com\/historia-zamora.html\"><img loading=\"lazy\" decoding=\"async\" src=\"https:\/\/clickturismo.es\/wp-content\/uploads\/2022\/02\/Imagen8-6.png\" alt=\"\" class=\"wp-image-213\" width=\"1239\" height=\"185\" srcset=\"https:\/\/clickturismo.es\/wp-content\/uploads\/2022\/02\/Imagen8-6.png 804w, https:\/\/clickturismo.es\/wp-content\/uploads\/2022\/02\/Imagen8-6-300x45.png 300w, https:\/\/clickturismo.es\/wp-content\/uploads\/2022\/02\/Imagen8-6-768x115.png 768w, https:\/\/clickturismo.es\/wp-content\/uploads\/2022\/02\/Imagen8-6-389x58.png 389w, https:\/\/clickturismo.es\/wp-content\/uploads\/2022\/02\/Imagen8-6-800x120.png 800w\" sizes=\"auto, (max-width: 1239px) 100vw, 1239px\" \/><\/a><\/figure>\n\n\n\n<figure class=\"wp-block-image size-full is-resized\"><a href=\"https:\/\/sinparardeviajar.com\/que-ver-en-zamora-en-un-dia\/\"><img loading=\"lazy\" decoding=\"async\" src=\"https:\/\/clickturismo.es\/wp-content\/uploads\/2022\/02\/Imagen9-7.png\" alt=\"\" class=\"wp-image-214\" width=\"1239\" height=\"185\" srcset=\"https:\/\/clickturismo.es\/wp-content\/uploads\/2022\/02\/Imagen9-7.png 806w, https:\/\/clickturismo.es\/wp-content\/uploads\/2022\/02\/Imagen9-7-300x45.png 300w, https:\/\/clickturismo.es\/wp-content\/uploads\/2022\/02\/Imagen9-7-768x114.png 768w, https:\/\/clickturismo.es\/wp-content\/uploads\/2022\/02\/Imagen9-7-389x58.png 389w, https:\/\/clickturismo.es\/wp-content\/uploads\/2022\/02\/Imagen9-7-800x120.png 800w\" sizes=\"auto, (max-width: 1239px) 100vw, 1239px\" \/><\/a><\/figure>\n\n\n\n<figure class=\"wp-block-image size-full is-resized\"><a href=\"https:\/\/sinparardeviajar.com\/que-ver-en-zamora-en-un-dia\/\"><img loading=\"lazy\" decoding=\"async\" src=\"https:\/\/clickturismo.es\/wp-content\/uploads\/2022\/02\/Imagen10-6.png\" alt=\"\" class=\"wp-image-215\" width=\"1239\" height=\"185\" srcset=\"https:\/\/clickturismo.es\/wp-content\/uploads\/2022\/02\/Imagen10-6.png 806w, https:\/\/clickturismo.es\/wp-content\/uploads\/2022\/02\/Imagen10-6-300x45.png 300w, https:\/\/clickturismo.es\/wp-content\/uploads\/2022\/02\/Imagen10-6-768x114.png 768w, https:\/\/clickturismo.es\/wp-content\/uploads\/2022\/02\/Imagen10-6-389x58.png 389w, https:\/\/clickturismo.es\/wp-content\/uploads\/2022\/02\/Imagen10-6-800x120.png 800w\" sizes=\"auto, (max-width: 1239px) 100vw, 1239px\" \/><\/a><\/figure>\n\n\n\n<figure class=\"wp-block-image size-full is-resized\"><a href=\"https:\/\/www.abcviajes.com\/turismo\/zamora_sus_fiestas.php\"><img loading=\"lazy\" decoding=\"async\" src=\"https:\/\/clickturismo.es\/wp-content\/uploads\/2022\/02\/Imagen11-4.png\" alt=\"\" class=\"wp-image-216\" width=\"1241\" height=\"176\" srcset=\"https:\/\/clickturismo.es\/wp-content\/uploads\/2022\/02\/Imagen11-4.png 808w, https:\/\/clickturismo.es\/wp-content\/uploads\/2022\/02\/Imagen11-4-300x42.png 300w, https:\/\/clickturismo.es\/wp-content\/uploads\/2022\/02\/Imagen11-4-768x108.png 768w, https:\/\/clickturismo.es\/wp-content\/uploads\/2022\/02\/Imagen11-4-389x55.png 389w, https:\/\/clickturismo.es\/wp-content\/uploads\/2022\/02\/Imagen11-4-800x114.png 800w\" sizes=\"auto, (max-width: 1241px) 100vw, 1241px\" \/><\/a><\/figure>\n\n\n\n<figure class=\"wp-block-image size-full is-resized\"><a href=\"https:\/\/www.tripadvisor.es\/Restaurants-g262064-Zamora_Province_of_Zamora_Castile_and_Leon.html\"><img loading=\"lazy\" decoding=\"async\" src=\"https:\/\/clickturismo.es\/wp-content\/uploads\/2022\/02\/Imagen12-2.png\" alt=\"\" class=\"wp-image-217\" width=\"1240\" height=\"185\" srcset=\"https:\/\/clickturismo.es\/wp-content\/uploads\/2022\/02\/Imagen12-2.png 805w, https:\/\/clickturismo.es\/wp-content\/uploads\/2022\/02\/Imagen12-2-300x45.png 300w, https:\/\/clickturismo.es\/wp-content\/uploads\/2022\/02\/Imagen12-2-768x114.png 768w, https:\/\/clickturismo.es\/wp-content\/uploads\/2022\/02\/Imagen12-2-389x58.png 389w, https:\/\/clickturismo.es\/wp-content\/uploads\/2022\/02\/Imagen12-2-800x120.png 800w\" sizes=\"auto, (max-width: 1240px) 100vw, 1240px\" \/><\/a><\/figure>\n\n\n\n<figure class=\"wp-block-image size-full is-resized\"><a href=\"http:\/\/www.sehacecaminoalandar.com\/tapas-en-zamora-ruta-de-tapeo\/\"><img loading=\"lazy\" decoding=\"async\" src=\"https:\/\/clickturismo.es\/wp-content\/uploads\/2022\/02\/Imagen13-2.png\" alt=\"\" class=\"wp-image-218\" width=\"1238\" height=\"183\" srcset=\"https:\/\/clickturismo.es\/wp-content\/uploads\/2022\/02\/Imagen13-2.png 805w, https:\/\/clickturismo.es\/wp-content\/uploads\/2022\/02\/Imagen13-2-300x44.png 300w, https:\/\/clickturismo.es\/wp-content\/uploads\/2022\/02\/Imagen13-2-768x114.png 768w, https:\/\/clickturismo.es\/wp-content\/uploads\/2022\/02\/Imagen13-2-389x58.png 389w, https:\/\/clickturismo.es\/wp-content\/uploads\/2022\/02\/Imagen13-2-800x119.png 800w\" sizes=\"auto, (max-width: 1238px) 100vw, 1238px\" \/><\/a><\/figure>\n\n\n\n<figure class=\"wp-block-image size-full is-resized\"><a href=\"https:\/\/www.guiadelocio.com\/zamora\/tarde-y-noche\/zamora\"><img loading=\"lazy\" decoding=\"async\" src=\"https:\/\/clickturismo.es\/wp-content\/uploads\/2022\/02\/Imagen14-1.png\" alt=\"\" class=\"wp-image-219\" width=\"1239\" height=\"185\" srcset=\"https:\/\/clickturismo.es\/wp-content\/uploads\/2022\/02\/Imagen14-1.png 807w, https:\/\/clickturismo.es\/wp-content\/uploads\/2022\/02\/Imagen14-1-300x45.png 300w, https:\/\/clickturismo.es\/wp-content\/uploads\/2022\/02\/Imagen14-1-768x114.png 768w, https:\/\/clickturismo.es\/wp-content\/uploads\/2022\/02\/Imagen14-1-389x58.png 389w, https:\/\/clickturismo.es\/wp-content\/uploads\/2022\/02\/Imagen14-1-800x120.png 800w\" sizes=\"auto, (max-width: 1239px) 100vw, 1239px\" \/><\/a><\/figure>\n\n\n\n<figure class=\"wp-block-image size-full is-resized\"><a href=\"https:\/\/www.booking.com\/city\/es\/zamora.es.html\"><img loading=\"lazy\" decoding=\"async\" src=\"https:\/\/clickturismo.es\/wp-content\/uploads\/2022\/02\/Imagen15.png\" alt=\"\" class=\"wp-image-220\" width=\"1239\" height=\"185\" srcset=\"https:\/\/clickturismo.es\/wp-content\/uploads\/2022\/02\/Imagen15.png 806w, https:\/\/clickturismo.es\/wp-content\/uploads\/2022\/02\/Imagen15-300x45.png 300w, https:\/\/clickturismo.es\/wp-content\/uploads\/2022\/02\/Imagen15-768x114.png 768w, https:\/\/clickturismo.es\/wp-content\/uploads\/2022\/02\/Imagen15-389x58.png 389w, https:\/\/clickturismo.es\/wp-content\/uploads\/2022\/02\/Imagen15-800x120.png 800w\" sizes=\"auto, (max-width: 1239px) 100vw, 1239px\" \/><\/a><\/figure>\n\n\n\n<figure class=\"wp-block-image size-full is-resized\"><a href=\"http:\/\/www.zamoraesmas.com\/dondecomprar\/dondecomprar.htm\"><img loading=\"lazy\" decoding=\"async\" src=\"https:\/\/clickturismo.es\/wp-content\/uploads\/2022\/02\/Imagen16.png\" alt=\"\" class=\"wp-image-221\" width=\"1241\" height=\"185\" srcset=\"https:\/\/clickturismo.es\/wp-content\/uploads\/2022\/02\/Imagen16.png 806w, https:\/\/clickturismo.es\/wp-content\/uploads\/2022\/02\/Imagen16-300x45.png 300w, https:\/\/clickturismo.es\/wp-content\/uploads\/2022\/02\/Imagen16-768x114.png 768w, https:\/\/clickturismo.es\/wp-content\/uploads\/2022\/02\/Imagen16-389x58.png 389w, https:\/\/clickturismo.es\/wp-content\/uploads\/2022\/02\/Imagen16-800x120.png 800w\" sizes=\"auto, (max-width: 1241px) 100vw, 1241px\" \/><\/a><\/figure>\n\n\n\n<figure class=\"wp-block-image size-full is-resized\"><a href=\"https:\/\/es.wikiloc.com\/rutas\/senderismo\/espana\/castilla-y-leon\/zamora\"><img loading=\"lazy\" decoding=\"async\" src=\"https:\/\/clickturismo.es\/wp-content\/uploads\/2022\/02\/Imagen17.png\" alt=\"\" class=\"wp-image-222\" width=\"1239\" height=\"185\" srcset=\"https:\/\/clickturismo.es\/wp-content\/uploads\/2022\/02\/Imagen17.png 806w, https:\/\/clickturismo.es\/wp-content\/uploads\/2022\/02\/Imagen17-300x45.png 300w, https:\/\/clickturismo.es\/wp-content\/uploads\/2022\/02\/Imagen17-768x114.png 768w, https:\/\/clickturismo.es\/wp-content\/uploads\/2022\/02\/Imagen17-389x58.png 389w, https:\/\/clickturismo.es\/wp-content\/uploads\/2022\/02\/Imagen17-800x120.png 800w\" sizes=\"auto, (max-width: 1239px) 100vw, 1239px\" \/><\/a><\/figure>\n\n\n\n<hr class=\"wp-block-separator\"\/>\n\n\n\n<hr class=\"wp-block-separator\"\/>\n","protected":false},"excerpt":{"rendered":"<p>Son muchos los&nbsp;motivos&nbsp;para&nbsp;viajar&nbsp;a la&nbsp;provincia de Zamora&nbsp;y&nbsp;disfrutar de sus atractivos tur\u00edsticos. Quiz\u00e1 los argumentos m\u00e1s destacados pasen por conocer sus variados paisajes y sus cuatro&nbsp;espacios naturales &hellip;<\/p>\n","protected":false},"author":1,"featured_media":238,"parent":0,"menu_order":0,"comment_status":"closed","ping_status":"closed","template":"","meta":{"_monsterinsights_skip_tracking":false,"_monsterinsights_sitenote_active":false,"_monsterinsights_sitenote_note":"","_monsterinsights_sitenote_category":0,"footnotes":""},"class_list":["post-34","page","type-page","status-publish","has-post-thumbnail","hentry"],"_links":{"self":[{"href":"https:\/\/clickturismo.es\/index.php\/wp-json\/wp\/v2\/pages\/34","targetHints":{"allow":["GET"]}}],"collection":[{"href":"https:\/\/clickturismo.es\/index.php\/wp-json\/wp\/v2\/pages"}],"about":[{"href":"https:\/\/clickturismo.es\/index.php\/wp-json\/wp\/v2\/types\/page"}],"author":[{"embeddable":true,"href":"https:\/\/clickturismo.es\/index.php\/wp-json\/wp\/v2\/users\/1"}],"replies":[{"embeddable":true,"href":"https:\/\/clickturismo.es\/index.php\/wp-json\/wp\/v2\/comments?post=34"}],"version-history":[{"count":4,"href":"https:\/\/clickturismo.es\/index.php\/wp-json\/wp\/v2\/pages\/34\/revisions"}],"predecessor-version":[{"id":255,"href":"https:\/\/clickturismo.es\/index.php\/wp-json\/wp\/v2\/pages\/34\/revisions\/255"}],"wp:featuredmedia":[{"embeddable":true,"href":"https:\/\/clickturismo.es\/index.php\/wp-json\/wp\/v2\/media\/238"}],"wp:attachment":[{"href":"https:\/\/clickturismo.es\/index.php\/wp-json\/wp\/v2\/media?parent=34"}],"curies":[{"name":"wp","href":"https:\/\/api.w.org\/{rel}","templated":true}]}}