{"id":33,"date":"2022-02-18T22:43:34","date_gmt":"2022-02-18T22:43:34","guid":{"rendered":"https:\/\/clickturismo.es\/?page_id=33"},"modified":"2022-03-17T20:58:37","modified_gmt":"2022-03-17T20:58:37","slug":"valladolid","status":"publish","type":"page","link":"https:\/\/clickturismo.es\/index.php\/valladolid\/","title":{"rendered":"Valladolid"},"content":{"rendered":"\n<hr class=\"wp-block-separator\"\/>\n\n\n\n<p><strong>Valladolid de hoy posee una gran riqueza monumental y art\u00edstica. En esta localidad culmina el Ramal del Sur del Canal de Castilla que se cierra, en una bella d\u00e1rsena, justo antes de desembocar en el r\u00edo Pisuerga.<\/strong><\/p>\n\n\n\n<p><strong>La \u00e9poca de mayor esplendor comienza con la Edad Moderna al convertirse en n\u00facleo administrativo del reino. No en vano, Felipe III la convirti\u00f3 en capital de Espa\u00f1a a principios del siglo XVI.<\/strong><\/p>\n\n\n\n<p><strong>En Valladolid se puede ver un amplio muestrario de todos los estilos art\u00edsticos que fueron sucedi\u00e9ndose desde el siglo XIII hasta nuestros d\u00edas. Adem\u00e1s, la gastronom\u00eda de Valladolid es un atractivo tur\u00edstico m\u00e1s porque posee la m\u00e1s variada complejidad de productos, destacando el lechazo como uno de los platos m\u00e1s representativos<\/strong><\/p>\n\n\n\n<hr class=\"wp-block-separator\"\/>\n\n\n\n<figure class=\"wp-block-image size-full is-resized\"><img loading=\"lazy\" decoding=\"async\" src=\"https:\/\/clickturismo.es\/wp-content\/uploads\/2022\/02\/Plaza-Mayor-valladolid-c.jpg_369272544.jpg\" alt=\"\" class=\"wp-image-197\" width=\"1240\" height=\"504\" srcset=\"https:\/\/clickturismo.es\/wp-content\/uploads\/2022\/02\/Plaza-Mayor-valladolid-c.jpg_369272544.jpg 550w, https:\/\/clickturismo.es\/wp-content\/uploads\/2022\/02\/Plaza-Mayor-valladolid-c.jpg_369272544-300x122.jpg 300w, https:\/\/clickturismo.es\/wp-content\/uploads\/2022\/02\/Plaza-Mayor-valladolid-c.jpg_369272544-389x158.jpg 389w\" sizes=\"auto, (max-width: 1240px) 100vw, 1240px\" \/><\/figure>\n\n\n\n<hr class=\"wp-block-separator\"\/>\n\n\n\n<figure class=\"wp-block-image size-full is-resized\"><a href=\"https:\/\/www.valladolid.com\/historia\"><img loading=\"lazy\" decoding=\"async\" src=\"https:\/\/clickturismo.es\/wp-content\/uploads\/2022\/02\/Imagen1-4.png\" alt=\"\" class=\"wp-image-198\" width=\"1240\" height=\"185\" srcset=\"https:\/\/clickturismo.es\/wp-content\/uploads\/2022\/02\/Imagen1-4.png 805w, https:\/\/clickturismo.es\/wp-content\/uploads\/2022\/02\/Imagen1-4-300x45.png 300w, https:\/\/clickturismo.es\/wp-content\/uploads\/2022\/02\/Imagen1-4-768x114.png 768w, https:\/\/clickturismo.es\/wp-content\/uploads\/2022\/02\/Imagen1-4-389x58.png 389w, https:\/\/clickturismo.es\/wp-content\/uploads\/2022\/02\/Imagen1-4-800x120.png 800w\" sizes=\"auto, (max-width: 1240px) 100vw, 1240px\" \/><\/a><\/figure>\n\n\n\n<figure class=\"wp-block-image size-full is-resized\"><a href=\"https:\/\/www.valladolid.com\/que-ver\"><img loading=\"lazy\" decoding=\"async\" src=\"https:\/\/clickturismo.es\/wp-content\/uploads\/2022\/02\/Imagen2-4.png\" alt=\"\" class=\"wp-image-199\" width=\"1241\" height=\"183\" srcset=\"https:\/\/clickturismo.es\/wp-content\/uploads\/2022\/02\/Imagen2-4.png 806w, https:\/\/clickturismo.es\/wp-content\/uploads\/2022\/02\/Imagen2-4-300x44.png 300w, https:\/\/clickturismo.es\/wp-content\/uploads\/2022\/02\/Imagen2-4-768x113.png 768w, https:\/\/clickturismo.es\/wp-content\/uploads\/2022\/02\/Imagen2-4-389x57.png 389w, https:\/\/clickturismo.es\/wp-content\/uploads\/2022\/02\/Imagen2-4-800x119.png 800w\" sizes=\"auto, (max-width: 1241px) 100vw, 1241px\" \/><\/a><\/figure>\n\n\n\n<figure class=\"wp-block-image size-full is-resized\"><a href=\"https:\/\/www.valladolid.com\/que-ver\"><img loading=\"lazy\" decoding=\"async\" src=\"https:\/\/clickturismo.es\/wp-content\/uploads\/2022\/02\/Imagen3-5.png\" alt=\"\" class=\"wp-image-200\" width=\"1240\" height=\"183\" srcset=\"https:\/\/clickturismo.es\/wp-content\/uploads\/2022\/02\/Imagen3-5.png 805w, https:\/\/clickturismo.es\/wp-content\/uploads\/2022\/02\/Imagen3-5-300x44.png 300w, https:\/\/clickturismo.es\/wp-content\/uploads\/2022\/02\/Imagen3-5-768x114.png 768w, https:\/\/clickturismo.es\/wp-content\/uploads\/2022\/02\/Imagen3-5-389x58.png 389w, https:\/\/clickturismo.es\/wp-content\/uploads\/2022\/02\/Imagen3-5-800x119.png 800w\" sizes=\"auto, (max-width: 1240px) 100vw, 1240px\" \/><\/a><\/figure>\n\n\n\n<figure class=\"wp-block-image size-full is-resized\"><a href=\"https:\/\/www.valladolid.com\/fechas-clave\"><img loading=\"lazy\" decoding=\"async\" src=\"https:\/\/clickturismo.es\/wp-content\/uploads\/2022\/02\/Imagen4-5.png\" alt=\"\" class=\"wp-image-201\" width=\"1239\" height=\"178\" srcset=\"https:\/\/clickturismo.es\/wp-content\/uploads\/2022\/02\/Imagen4-5.png 807w, https:\/\/clickturismo.es\/wp-content\/uploads\/2022\/02\/Imagen4-5-300x43.png 300w, https:\/\/clickturismo.es\/wp-content\/uploads\/2022\/02\/Imagen4-5-768x109.png 768w, https:\/\/clickturismo.es\/wp-content\/uploads\/2022\/02\/Imagen4-5-389x55.png 389w, https:\/\/clickturismo.es\/wp-content\/uploads\/2022\/02\/Imagen4-5-800x115.png 800w\" sizes=\"auto, (max-width: 1239px) 100vw, 1239px\" \/><\/a><\/figure>\n\n\n\n<figure class=\"wp-block-image size-full is-resized\"><a href=\"https:\/\/www.tripadvisor.es\/Restaurants-g187495-Valladolid_Province_of_Valladolid_Castile_and_Leon.html\"><img loading=\"lazy\" decoding=\"async\" src=\"https:\/\/clickturismo.es\/wp-content\/uploads\/2022\/02\/Imagen6-5.png\" alt=\"\" class=\"wp-image-202\" width=\"1238\" height=\"185\" srcset=\"https:\/\/clickturismo.es\/wp-content\/uploads\/2022\/02\/Imagen6-5.png 805w, https:\/\/clickturismo.es\/wp-content\/uploads\/2022\/02\/Imagen6-5-300x45.png 300w, https:\/\/clickturismo.es\/wp-content\/uploads\/2022\/02\/Imagen6-5-768x114.png 768w, https:\/\/clickturismo.es\/wp-content\/uploads\/2022\/02\/Imagen6-5-389x58.png 389w, https:\/\/clickturismo.es\/wp-content\/uploads\/2022\/02\/Imagen6-5-800x120.png 800w\" sizes=\"auto, (max-width: 1238px) 100vw, 1238px\" \/><\/a><\/figure>\n\n\n\n<figure class=\"wp-block-image size-full is-resized\"><a href=\"https:\/\/www.valladolid.com\/de-tapas\"><img loading=\"lazy\" decoding=\"async\" src=\"https:\/\/clickturismo.es\/wp-content\/uploads\/2022\/02\/Imagen7-6.png\" alt=\"\" class=\"wp-image-203\" width=\"1240\" height=\"185\" srcset=\"https:\/\/clickturismo.es\/wp-content\/uploads\/2022\/02\/Imagen7-6.png 805w, https:\/\/clickturismo.es\/wp-content\/uploads\/2022\/02\/Imagen7-6-300x45.png 300w, https:\/\/clickturismo.es\/wp-content\/uploads\/2022\/02\/Imagen7-6-768x114.png 768w, https:\/\/clickturismo.es\/wp-content\/uploads\/2022\/02\/Imagen7-6-389x58.png 389w, https:\/\/clickturismo.es\/wp-content\/uploads\/2022\/02\/Imagen7-6-800x120.png 800w\" sizes=\"auto, (max-width: 1240px) 100vw, 1240px\" \/><\/a><\/figure>\n\n\n\n<figure class=\"wp-block-image size-full is-resized\"><a href=\"https:\/\/www.salir.com\/bares-de-copas-en-valladolid-art-1357.html\"><img loading=\"lazy\" decoding=\"async\" src=\"https:\/\/clickturismo.es\/wp-content\/uploads\/2022\/02\/Imagen8-5.png\" alt=\"\" class=\"wp-image-204\" width=\"1239\" height=\"185\" srcset=\"https:\/\/clickturismo.es\/wp-content\/uploads\/2022\/02\/Imagen8-5.png 806w, https:\/\/clickturismo.es\/wp-content\/uploads\/2022\/02\/Imagen8-5-300x45.png 300w, https:\/\/clickturismo.es\/wp-content\/uploads\/2022\/02\/Imagen8-5-768x114.png 768w, https:\/\/clickturismo.es\/wp-content\/uploads\/2022\/02\/Imagen8-5-389x58.png 389w, https:\/\/clickturismo.es\/wp-content\/uploads\/2022\/02\/Imagen8-5-800x120.png 800w\" sizes=\"auto, (max-width: 1239px) 100vw, 1239px\" \/><\/a><\/figure>\n\n\n\n<figure class=\"wp-block-image size-full is-resized\"><a href=\"https:\/\/www.booking.com\/city\/es\/valladolid.es.html\"><img loading=\"lazy\" decoding=\"async\" src=\"https:\/\/clickturismo.es\/wp-content\/uploads\/2022\/02\/Imagen9-6.png\" alt=\"\" class=\"wp-image-205\" width=\"1239\" height=\"185\" srcset=\"https:\/\/clickturismo.es\/wp-content\/uploads\/2022\/02\/Imagen9-6.png 806w, https:\/\/clickturismo.es\/wp-content\/uploads\/2022\/02\/Imagen9-6-300x45.png 300w, https:\/\/clickturismo.es\/wp-content\/uploads\/2022\/02\/Imagen9-6-768x114.png 768w, https:\/\/clickturismo.es\/wp-content\/uploads\/2022\/02\/Imagen9-6-389x58.png 389w, https:\/\/clickturismo.es\/wp-content\/uploads\/2022\/02\/Imagen9-6-800x120.png 800w\" sizes=\"auto, (max-width: 1239px) 100vw, 1239px\" \/><\/a><\/figure>\n\n\n\n<figure class=\"wp-block-image size-full is-resized\"><a href=\"http:\/\/www.hotelolid.com\/las-calles-mas-encanto-ir-compras-valladolid\/\"><img loading=\"lazy\" decoding=\"async\" src=\"https:\/\/clickturismo.es\/wp-content\/uploads\/2022\/02\/Imagen10-5.png\" alt=\"\" class=\"wp-image-206\" width=\"1241\" height=\"185\" srcset=\"https:\/\/clickturismo.es\/wp-content\/uploads\/2022\/02\/Imagen10-5.png 806w, https:\/\/clickturismo.es\/wp-content\/uploads\/2022\/02\/Imagen10-5-300x45.png 300w, https:\/\/clickturismo.es\/wp-content\/uploads\/2022\/02\/Imagen10-5-768x114.png 768w, https:\/\/clickturismo.es\/wp-content\/uploads\/2022\/02\/Imagen10-5-389x58.png 389w, https:\/\/clickturismo.es\/wp-content\/uploads\/2022\/02\/Imagen10-5-800x120.png 800w\" sizes=\"auto, (max-width: 1241px) 100vw, 1241px\" \/><\/a><\/figure>\n\n\n\n<figure class=\"wp-block-image size-full is-resized\"><a href=\"https:\/\/es.wikiloc.com\/rutas\/senderismo\/espana\/castilla-y-leon\/valladolid\"><img loading=\"lazy\" decoding=\"async\" src=\"https:\/\/clickturismo.es\/wp-content\/uploads\/2022\/02\/Imagen11-3.png\" alt=\"\" class=\"wp-image-207\" width=\"1239\" height=\"185\" srcset=\"https:\/\/clickturismo.es\/wp-content\/uploads\/2022\/02\/Imagen11-3.png 806w, https:\/\/clickturismo.es\/wp-content\/uploads\/2022\/02\/Imagen11-3-300x45.png 300w, https:\/\/clickturismo.es\/wp-content\/uploads\/2022\/02\/Imagen11-3-768x114.png 768w, https:\/\/clickturismo.es\/wp-content\/uploads\/2022\/02\/Imagen11-3-389x58.png 389w, https:\/\/clickturismo.es\/wp-content\/uploads\/2022\/02\/Imagen11-3-800x120.png 800w\" sizes=\"auto, (max-width: 1239px) 100vw, 1239px\" \/><\/a><\/figure>\n\n\n\n<hr class=\"wp-block-separator\"\/>\n\n\n\n<hr class=\"wp-block-separator\"\/>\n","protected":false},"excerpt":{"rendered":"<p>Valladolid de hoy posee una gran riqueza monumental y art\u00edstica. En esta localidad culmina el Ramal del Sur del Canal de Castilla que se cierra, &hellip;<\/p>\n","protected":false},"author":1,"featured_media":237,"parent":0,"menu_order":0,"comment_status":"closed","ping_status":"closed","template":"","meta":{"_monsterinsights_skip_tracking":false,"_monsterinsights_sitenote_active":false,"_monsterinsights_sitenote_note":"","_monsterinsights_sitenote_category":0,"footnotes":""},"class_list":["post-33","page","type-page","status-publish","has-post-thumbnail","hentry"],"_links":{"self":[{"href":"https:\/\/clickturismo.es\/index.php\/wp-json\/wp\/v2\/pages\/33","targetHints":{"allow":["GET"]}}],"collection":[{"href":"https:\/\/clickturismo.es\/index.php\/wp-json\/wp\/v2\/pages"}],"about":[{"href":"https:\/\/clickturismo.es\/index.php\/wp-json\/wp\/v2\/types\/page"}],"author":[{"embeddable":true,"href":"https:\/\/clickturismo.es\/index.php\/wp-json\/wp\/v2\/users\/1"}],"replies":[{"embeddable":true,"href":"https:\/\/clickturismo.es\/index.php\/wp-json\/wp\/v2\/comments?post=33"}],"version-history":[{"count":4,"href":"https:\/\/clickturismo.es\/index.php\/wp-json\/wp\/v2\/pages\/33\/revisions"}],"predecessor-version":[{"id":254,"href":"https:\/\/clickturismo.es\/index.php\/wp-json\/wp\/v2\/pages\/33\/revisions\/254"}],"wp:featuredmedia":[{"embeddable":true,"href":"https:\/\/clickturismo.es\/index.php\/wp-json\/wp\/v2\/media\/237"}],"wp:attachment":[{"href":"https:\/\/clickturismo.es\/index.php\/wp-json\/wp\/v2\/media?parent=33"}],"curies":[{"name":"wp","href":"https:\/\/api.w.org\/{rel}","templated":true}]}}