{"id":31,"date":"2022-02-18T22:43:34","date_gmt":"2022-02-18T22:43:34","guid":{"rendered":"https:\/\/clickturismo.es\/?page_id=31"},"modified":"2022-03-17T20:57:24","modified_gmt":"2022-03-17T20:57:24","slug":"segovia","status":"publish","type":"page","link":"https:\/\/clickturismo.es\/index.php\/segovia\/","title":{"rendered":"Segovia"},"content":{"rendered":"\n<hr class=\"wp-block-separator\"\/>\n\n\n\n<p><strong>Segovia es una ciudad sorprendente, con estampas de cuento de hadas que te encantar\u00e1 conocer. <\/strong><\/p>\n\n\n\n<p><strong>El&nbsp;Acueducto&nbsp;es su monumento m\u00e1s emblem\u00e1tico, con una iluminaci\u00f3n nocturna que alcanza una deslumbrante majestuosidad en la entrada al casco antiguo de la ciudad. <\/strong><\/p>\n\n\n\n<p><strong>Junto a esta joya del arte romano, el&nbsp;Alc\u00e1zar&nbsp;es el monumento m\u00e1s importante de Segovia. Lo encontrar\u00e1s dentro de la zona antigua, en un cerro situado entre los r\u00edos Eresma y Clamores. <\/strong><\/p>\n\n\n\n<p><strong>Visita imprescindible requiere tambi\u00e9n la preciosa&nbsp;Catedral, situada en el centro de la ciudad, y las antiguas&nbsp;murallas medievales&nbsp;que junto a las de Lugo y \u00c1vila son las \u00fanicas que se conservan completas.<\/strong><\/p>\n\n\n\n<p><strong>Las gentes de Segovia, siempre agradables y acogedoras, sus monumentos, y la exquisita&nbsp;gastronom\u00eda local&nbsp;son ingredientes suficientes para que aqu\u00ed te envuelva un ambiente especial.<\/strong><\/p>\n\n\n\n<hr class=\"wp-block-separator\"\/>\n\n\n\n<figure class=\"wp-block-image size-full is-resized\"><img loading=\"lazy\" decoding=\"async\" src=\"https:\/\/clickturismo.es\/wp-content\/uploads\/2022\/02\/64.jpg\" alt=\"\" class=\"wp-image-167\" width=\"1239\" height=\"827\" srcset=\"https:\/\/clickturismo.es\/wp-content\/uploads\/2022\/02\/64.jpg 669w, https:\/\/clickturismo.es\/wp-content\/uploads\/2022\/02\/64-300x200.jpg 300w, https:\/\/clickturismo.es\/wp-content\/uploads\/2022\/02\/64-389x259.jpg 389w\" sizes=\"auto, (max-width: 1239px) 100vw, 1239px\" \/><\/figure>\n\n\n\n<hr class=\"wp-block-separator\"\/>\n\n\n\n<figure class=\"wp-block-image size-full is-resized\"><a href=\"https:\/\/queverenelmundo.com\/que-ver-en-espana\/provincia-de-segovia\/guia-de-segovia\/historia-de-segovia\/\"><img loading=\"lazy\" decoding=\"async\" src=\"https:\/\/clickturismo.es\/wp-content\/uploads\/2022\/02\/Imagen11-1.png\" alt=\"\" class=\"wp-image-170\" width=\"1240\" height=\"179\" srcset=\"https:\/\/clickturismo.es\/wp-content\/uploads\/2022\/02\/Imagen11-1.png 805w, https:\/\/clickturismo.es\/wp-content\/uploads\/2022\/02\/Imagen11-1-300x43.png 300w, https:\/\/clickturismo.es\/wp-content\/uploads\/2022\/02\/Imagen11-1-768x111.png 768w, https:\/\/clickturismo.es\/wp-content\/uploads\/2022\/02\/Imagen11-1-389x56.png 389w, https:\/\/clickturismo.es\/wp-content\/uploads\/2022\/02\/Imagen11-1-800x116.png 800w\" sizes=\"auto, (max-width: 1240px) 100vw, 1240px\" \/><\/a><\/figure>\n\n\n\n<figure class=\"wp-block-image size-full is-resized\"><a href=\"https:\/\/imanesdeviaje.com\/que-ver-segovia\/\"><img loading=\"lazy\" decoding=\"async\" src=\"https:\/\/clickturismo.es\/wp-content\/uploads\/2022\/02\/Imagen1-3.png\" alt=\"\" class=\"wp-image-168\" width=\"1239\" height=\"183\" srcset=\"https:\/\/clickturismo.es\/wp-content\/uploads\/2022\/02\/Imagen1-3.png 804w, https:\/\/clickturismo.es\/wp-content\/uploads\/2022\/02\/Imagen1-3-300x44.png 300w, https:\/\/clickturismo.es\/wp-content\/uploads\/2022\/02\/Imagen1-3-768x114.png 768w, https:\/\/clickturismo.es\/wp-content\/uploads\/2022\/02\/Imagen1-3-389x58.png 389w, https:\/\/clickturismo.es\/wp-content\/uploads\/2022\/02\/Imagen1-3-800x119.png 800w\" sizes=\"auto, (max-width: 1239px) 100vw, 1239px\" \/><\/a><\/figure>\n\n\n\n<figure class=\"wp-block-image size-full is-resized\"><a href=\"https:\/\/imanesdeviaje.com\/que-ver-segovia\/\"><img loading=\"lazy\" decoding=\"async\" src=\"https:\/\/clickturismo.es\/wp-content\/uploads\/2022\/02\/Imagen2-3.png\" alt=\"\" class=\"wp-image-169\" width=\"1240\" height=\"183\" srcset=\"https:\/\/clickturismo.es\/wp-content\/uploads\/2022\/02\/Imagen2-3.png 805w, https:\/\/clickturismo.es\/wp-content\/uploads\/2022\/02\/Imagen2-3-300x44.png 300w, https:\/\/clickturismo.es\/wp-content\/uploads\/2022\/02\/Imagen2-3-768x114.png 768w, https:\/\/clickturismo.es\/wp-content\/uploads\/2022\/02\/Imagen2-3-389x58.png 389w, https:\/\/clickturismo.es\/wp-content\/uploads\/2022\/02\/Imagen2-3-800x119.png 800w\" sizes=\"auto, (max-width: 1240px) 100vw, 1240px\" \/><\/a><\/figure>\n\n\n\n<figure class=\"wp-block-image size-full is-resized\"><a href=\"https:\/\/www.nuestrasfiestas.com\/segovia\/fiestas-en-segovia\/\"><img loading=\"lazy\" decoding=\"async\" src=\"https:\/\/clickturismo.es\/wp-content\/uploads\/2022\/02\/Imagen3-3.png\" alt=\"\" class=\"wp-image-171\" width=\"1240\" height=\"178\" srcset=\"https:\/\/clickturismo.es\/wp-content\/uploads\/2022\/02\/Imagen3-3.png 808w, https:\/\/clickturismo.es\/wp-content\/uploads\/2022\/02\/Imagen3-3-300x43.png 300w, https:\/\/clickturismo.es\/wp-content\/uploads\/2022\/02\/Imagen3-3-768x109.png 768w, https:\/\/clickturismo.es\/wp-content\/uploads\/2022\/02\/Imagen3-3-389x55.png 389w, https:\/\/clickturismo.es\/wp-content\/uploads\/2022\/02\/Imagen3-3-800x115.png 800w\" sizes=\"auto, (max-width: 1240px) 100vw, 1240px\" \/><\/a><\/figure>\n\n\n\n<figure class=\"wp-block-image size-full is-resized\"><a href=\"https:\/\/www.tripadvisor.es\/Restaurants-g187494-Segovia_Province_of_Segovia_Castile_and_Leon.html\"><img loading=\"lazy\" decoding=\"async\" src=\"https:\/\/clickturismo.es\/wp-content\/uploads\/2022\/02\/Imagen4-3.png\" alt=\"\" class=\"wp-image-172\" width=\"1240\" height=\"185\" srcset=\"https:\/\/clickturismo.es\/wp-content\/uploads\/2022\/02\/Imagen4-3.png 805w, https:\/\/clickturismo.es\/wp-content\/uploads\/2022\/02\/Imagen4-3-300x45.png 300w, https:\/\/clickturismo.es\/wp-content\/uploads\/2022\/02\/Imagen4-3-768x114.png 768w, https:\/\/clickturismo.es\/wp-content\/uploads\/2022\/02\/Imagen4-3-389x58.png 389w, https:\/\/clickturismo.es\/wp-content\/uploads\/2022\/02\/Imagen4-3-800x120.png 800w\" sizes=\"auto, (max-width: 1240px) 100vw, 1240px\" \/><\/a><\/figure>\n\n\n\n<figure class=\"wp-block-image size-full is-resized\"><a href=\"https:\/\/touristear.com\/tapas-por-segovia\/\"><img loading=\"lazy\" decoding=\"async\" src=\"https:\/\/clickturismo.es\/wp-content\/uploads\/2022\/02\/Imagen5-3.png\" alt=\"\" class=\"wp-image-173\" width=\"1240\" height=\"185\" srcset=\"https:\/\/clickturismo.es\/wp-content\/uploads\/2022\/02\/Imagen5-3.png 805w, https:\/\/clickturismo.es\/wp-content\/uploads\/2022\/02\/Imagen5-3-300x45.png 300w, https:\/\/clickturismo.es\/wp-content\/uploads\/2022\/02\/Imagen5-3-768x114.png 768w, https:\/\/clickturismo.es\/wp-content\/uploads\/2022\/02\/Imagen5-3-389x58.png 389w, https:\/\/clickturismo.es\/wp-content\/uploads\/2022\/02\/Imagen5-3-800x120.png 800w\" sizes=\"auto, (max-width: 1240px) 100vw, 1240px\" \/><\/a><\/figure>\n\n\n\n<figure class=\"wp-block-image size-full is-resized\"><a href=\"https:\/\/www.tripadvisor.es\/Restaurants-g187494-zfg11776-Segovia_Province_of_Segovia_Castile_and_Leon.html\"><img loading=\"lazy\" decoding=\"async\" src=\"https:\/\/clickturismo.es\/wp-content\/uploads\/2022\/02\/Imagen7-4.png\" alt=\"\" class=\"wp-image-174\" width=\"1240\" height=\"185\" srcset=\"https:\/\/clickturismo.es\/wp-content\/uploads\/2022\/02\/Imagen7-4.png 805w, https:\/\/clickturismo.es\/wp-content\/uploads\/2022\/02\/Imagen7-4-300x45.png 300w, https:\/\/clickturismo.es\/wp-content\/uploads\/2022\/02\/Imagen7-4-768x114.png 768w, https:\/\/clickturismo.es\/wp-content\/uploads\/2022\/02\/Imagen7-4-389x58.png 389w, https:\/\/clickturismo.es\/wp-content\/uploads\/2022\/02\/Imagen7-4-800x120.png 800w\" sizes=\"auto, (max-width: 1240px) 100vw, 1240px\" \/><\/a><\/figure>\n\n\n\n<figure class=\"wp-block-image size-full is-resized\"><a href=\"https:\/\/www.booking.com\/city\/es\/segovia.es.html\"><img loading=\"lazy\" decoding=\"async\" src=\"https:\/\/clickturismo.es\/wp-content\/uploads\/2022\/02\/Imagen8-3.png\" alt=\"\" class=\"wp-image-175\" width=\"1240\" height=\"187\" srcset=\"https:\/\/clickturismo.es\/wp-content\/uploads\/2022\/02\/Imagen8-3.png 805w, https:\/\/clickturismo.es\/wp-content\/uploads\/2022\/02\/Imagen8-3-300x45.png 300w, https:\/\/clickturismo.es\/wp-content\/uploads\/2022\/02\/Imagen8-3-768x115.png 768w, https:\/\/clickturismo.es\/wp-content\/uploads\/2022\/02\/Imagen8-3-389x58.png 389w, https:\/\/clickturismo.es\/wp-content\/uploads\/2022\/02\/Imagen8-3-800x121.png 800w\" sizes=\"auto, (max-width: 1240px) 100vw, 1240px\" \/><\/a><\/figure>\n\n\n\n<figure class=\"wp-block-image size-full is-resized\"><a href=\"https:\/\/www.comerciodesegovia.es\/decomprasporsegovia\/\"><img loading=\"lazy\" decoding=\"async\" src=\"https:\/\/clickturismo.es\/wp-content\/uploads\/2022\/02\/Imagen9-4.png\" alt=\"\" class=\"wp-image-176\" width=\"1239\" height=\"187\" srcset=\"https:\/\/clickturismo.es\/wp-content\/uploads\/2022\/02\/Imagen9-4.png 807w, https:\/\/clickturismo.es\/wp-content\/uploads\/2022\/02\/Imagen9-4-300x45.png 300w, https:\/\/clickturismo.es\/wp-content\/uploads\/2022\/02\/Imagen9-4-768x115.png 768w, https:\/\/clickturismo.es\/wp-content\/uploads\/2022\/02\/Imagen9-4-389x58.png 389w, https:\/\/clickturismo.es\/wp-content\/uploads\/2022\/02\/Imagen9-4-800x121.png 800w\" sizes=\"auto, (max-width: 1239px) 100vw, 1239px\" \/><\/a><\/figure>\n\n\n\n<figure class=\"wp-block-image size-full is-resized\"><a href=\"https:\/\/es.wikiloc.com\/rutas\/senderismo\/espana\/castilla-y-leon\/segovia\"><img loading=\"lazy\" decoding=\"async\" src=\"https:\/\/clickturismo.es\/wp-content\/uploads\/2022\/02\/Imagen10-3.png\" alt=\"\" class=\"wp-image-177\" width=\"1241\" height=\"183\" srcset=\"https:\/\/clickturismo.es\/wp-content\/uploads\/2022\/02\/Imagen10-3.png 806w, https:\/\/clickturismo.es\/wp-content\/uploads\/2022\/02\/Imagen10-3-300x44.png 300w, https:\/\/clickturismo.es\/wp-content\/uploads\/2022\/02\/Imagen10-3-768x113.png 768w, https:\/\/clickturismo.es\/wp-content\/uploads\/2022\/02\/Imagen10-3-389x57.png 389w, https:\/\/clickturismo.es\/wp-content\/uploads\/2022\/02\/Imagen10-3-800x119.png 800w\" sizes=\"auto, (max-width: 1241px) 100vw, 1241px\" \/><\/a><\/figure>\n\n\n\n<hr class=\"wp-block-separator\"\/>\n\n\n\n<hr class=\"wp-block-separator\"\/>\n","protected":false},"excerpt":{"rendered":"<p>Segovia es una ciudad sorprendente, con estampas de cuento de hadas que te encantar\u00e1 conocer. El&nbsp;Acueducto&nbsp;es su monumento m\u00e1s emblem\u00e1tico, con una iluminaci\u00f3n nocturna que &hellip;<\/p>\n","protected":false},"author":1,"featured_media":234,"parent":0,"menu_order":0,"comment_status":"closed","ping_status":"closed","template":"","meta":{"_monsterinsights_skip_tracking":false,"_monsterinsights_sitenote_active":false,"_monsterinsights_sitenote_note":"","_monsterinsights_sitenote_category":0,"footnotes":""},"class_list":["post-31","page","type-page","status-publish","has-post-thumbnail","hentry"],"_links":{"self":[{"href":"https:\/\/clickturismo.es\/index.php\/wp-json\/wp\/v2\/pages\/31","targetHints":{"allow":["GET"]}}],"collection":[{"href":"https:\/\/clickturismo.es\/index.php\/wp-json\/wp\/v2\/pages"}],"about":[{"href":"https:\/\/clickturismo.es\/index.php\/wp-json\/wp\/v2\/types\/page"}],"author":[{"embeddable":true,"href":"https:\/\/clickturismo.es\/index.php\/wp-json\/wp\/v2\/users\/1"}],"replies":[{"embeddable":true,"href":"https:\/\/clickturismo.es\/index.php\/wp-json\/wp\/v2\/comments?post=31"}],"version-history":[{"count":4,"href":"https:\/\/clickturismo.es\/index.php\/wp-json\/wp\/v2\/pages\/31\/revisions"}],"predecessor-version":[{"id":252,"href":"https:\/\/clickturismo.es\/index.php\/wp-json\/wp\/v2\/pages\/31\/revisions\/252"}],"wp:featuredmedia":[{"embeddable":true,"href":"https:\/\/clickturismo.es\/index.php\/wp-json\/wp\/v2\/media\/234"}],"wp:attachment":[{"href":"https:\/\/clickturismo.es\/index.php\/wp-json\/wp\/v2\/media?parent=31"}],"curies":[{"name":"wp","href":"https:\/\/api.w.org\/{rel}","templated":true}]}}