{"id":30,"date":"2022-02-18T22:43:34","date_gmt":"2022-02-18T22:43:34","guid":{"rendered":"https:\/\/clickturismo.es\/?page_id=30"},"modified":"2022-03-17T20:56:16","modified_gmt":"2022-03-17T20:56:16","slug":"salamanca","status":"publish","type":"page","link":"https:\/\/clickturismo.es\/index.php\/salamanca\/","title":{"rendered":"Salamanca"},"content":{"rendered":"\n<hr class=\"wp-block-separator\"\/>\n\n\n\n<p><strong>Salamanca posee la Universidad en activo m\u00e1s antigua de Espa\u00f1a. Es una urbe cosmopolita que no se desprende de sus tradiciones, su Plaza Mayor es una de las referencias m\u00e1s universales y los escritores m\u00e1s destacados del Siglo de Oro la coronaron como la ciudad m\u00e1s bella. Los frescos de El Cielo de la Universidad son el s\u00edmbolo de la internacionalidad de la ciudad.<\/strong><\/p>\n\n\n\n<p><strong>Es la ciudad dorada, un campus de piedra, una pizarra de escolar al aire libre y la cuna del plateresco m\u00e1s fantasioso que cuelga de cada edificio.<\/strong><\/p>\n\n\n\n<p><strong>Salamanca, ciudad monumental ba\u00f1ada por el Tormes, es un regocijo para los sentidos. Todas las manifestaciones art\u00edsticas se adue\u00f1an de sus calles y por ellas transita, todos los d\u00edas del a\u00f1o, un hervidero de gentes de todos los colores cuya sola presencia demuestra su car\u00e1cter internacional: Salamanca es cosmopolita.<\/strong><\/p>\n\n\n\n<p><strong>Sorprende la Plaza Mayor, convertida hoy y siempre en la sala de estar de los salmantinos. Vecinos, turistas y universitarios la utilizan cada d\u00eda como lugar de paseo, encuentro, tertulia, descanso, ocio y lectura.<\/strong><\/p>\n\n\n\n<hr class=\"wp-block-separator\"\/>\n\n\n\n<figure class=\"wp-block-image size-full is-resized\"><img loading=\"lazy\" decoding=\"async\" src=\"https:\/\/clickturismo.es\/wp-content\/uploads\/2022\/02\/Catedral-de-Salamanca-1-1.jpg\" alt=\"\" class=\"wp-image-99\" width=\"1240\" height=\"912\" srcset=\"https:\/\/clickturismo.es\/wp-content\/uploads\/2022\/02\/Catedral-de-Salamanca-1-1.jpg 1024w, https:\/\/clickturismo.es\/wp-content\/uploads\/2022\/02\/Catedral-de-Salamanca-1-1-300x221.jpg 300w, https:\/\/clickturismo.es\/wp-content\/uploads\/2022\/02\/Catedral-de-Salamanca-1-1-768x565.jpg 768w, https:\/\/clickturismo.es\/wp-content\/uploads\/2022\/02\/Catedral-de-Salamanca-1-1-389x286.jpg 389w\" sizes=\"auto, (max-width: 1240px) 100vw, 1240px\" \/><\/figure>\n\n\n\n<hr class=\"wp-block-separator\"\/>\n\n\n\n<figure class=\"wp-block-image size-full is-resized\"><a href=\"https:\/\/queverenelmundo.com\/que-ver-en-espana\/provincia-de-salamanca\/guia-de-salamanca\/historia-de-salamanca\/\"><img loading=\"lazy\" decoding=\"async\" src=\"https:\/\/clickturismo.es\/wp-content\/uploads\/2022\/02\/Imagen1-1.png\" alt=\"\" class=\"wp-image-100\" width=\"1240\" height=\"184\" srcset=\"https:\/\/clickturismo.es\/wp-content\/uploads\/2022\/02\/Imagen1-1.png 805w, https:\/\/clickturismo.es\/wp-content\/uploads\/2022\/02\/Imagen1-1-300x45.png 300w, https:\/\/clickturismo.es\/wp-content\/uploads\/2022\/02\/Imagen1-1-768x114.png 768w, https:\/\/clickturismo.es\/wp-content\/uploads\/2022\/02\/Imagen1-1-389x58.png 389w, https:\/\/clickturismo.es\/wp-content\/uploads\/2022\/02\/Imagen1-1-800x120.png 800w\" sizes=\"auto, (max-width: 1240px) 100vw, 1240px\" \/><\/a><\/figure>\n\n\n\n<figure class=\"wp-block-image size-full is-resized\"><a href=\"https:\/\/www.losapuntesdelviajero.com\/que-ver-en-salamanca-espana-10-visitas-imprescindibles\/\"><img loading=\"lazy\" decoding=\"async\" src=\"https:\/\/clickturismo.es\/wp-content\/uploads\/2022\/02\/Imagen2-1.png\" alt=\"\" class=\"wp-image-101\" width=\"1241\" height=\"184\" srcset=\"https:\/\/clickturismo.es\/wp-content\/uploads\/2022\/02\/Imagen2-1.png 804w, https:\/\/clickturismo.es\/wp-content\/uploads\/2022\/02\/Imagen2-1-300x44.png 300w, https:\/\/clickturismo.es\/wp-content\/uploads\/2022\/02\/Imagen2-1-768x114.png 768w, https:\/\/clickturismo.es\/wp-content\/uploads\/2022\/02\/Imagen2-1-389x58.png 389w, https:\/\/clickturismo.es\/wp-content\/uploads\/2022\/02\/Imagen2-1-800x119.png 800w\" sizes=\"auto, (max-width: 1241px) 100vw, 1241px\" \/><\/a><\/figure>\n\n\n\n<figure class=\"wp-block-image size-full is-resized\"><a href=\"https:\/\/www.losapuntesdelviajero.com\/que-ver-en-salamanca-espana-10-visitas-imprescindibles\/\"><img loading=\"lazy\" decoding=\"async\" src=\"https:\/\/clickturismo.es\/wp-content\/uploads\/2022\/02\/Imagen3-1.png\" alt=\"\" class=\"wp-image-102\" width=\"1240\" height=\"183\" srcset=\"https:\/\/clickturismo.es\/wp-content\/uploads\/2022\/02\/Imagen3-1.png 804w, https:\/\/clickturismo.es\/wp-content\/uploads\/2022\/02\/Imagen3-1-300x44.png 300w, https:\/\/clickturismo.es\/wp-content\/uploads\/2022\/02\/Imagen3-1-768x114.png 768w, https:\/\/clickturismo.es\/wp-content\/uploads\/2022\/02\/Imagen3-1-389x58.png 389w, https:\/\/clickturismo.es\/wp-content\/uploads\/2022\/02\/Imagen3-1-800x119.png 800w\" sizes=\"auto, (max-width: 1240px) 100vw, 1240px\" \/><\/a><\/figure>\n\n\n\n<figure class=\"wp-block-image size-full is-resized\"><a href=\"http:\/\/www.versalamanca.com\/fiestas.html\"><img loading=\"lazy\" decoding=\"async\" src=\"https:\/\/clickturismo.es\/wp-content\/uploads\/2022\/02\/Imagen4-1.png\" alt=\"\" class=\"wp-image-103\" width=\"1239\" height=\"186\" srcset=\"https:\/\/clickturismo.es\/wp-content\/uploads\/2022\/02\/Imagen4-1.png 804w, https:\/\/clickturismo.es\/wp-content\/uploads\/2022\/02\/Imagen4-1-300x45.png 300w, https:\/\/clickturismo.es\/wp-content\/uploads\/2022\/02\/Imagen4-1-768x115.png 768w, https:\/\/clickturismo.es\/wp-content\/uploads\/2022\/02\/Imagen4-1-389x58.png 389w, https:\/\/clickturismo.es\/wp-content\/uploads\/2022\/02\/Imagen4-1-800x120.png 800w\" sizes=\"auto, (max-width: 1239px) 100vw, 1239px\" \/><\/a><\/figure>\n\n\n\n<figure class=\"wp-block-image size-full is-resized\"><a href=\"https:\/\/www.tripadvisor.es\/Restaurants-g187493-Salamanca_Province_of_Salamanca_Castile_and_Leon.html\"><img loading=\"lazy\" decoding=\"async\" src=\"https:\/\/clickturismo.es\/wp-content\/uploads\/2022\/02\/Imagen5-1.png\" alt=\"\" class=\"wp-image-104\" width=\"1239\" height=\"186\" srcset=\"https:\/\/clickturismo.es\/wp-content\/uploads\/2022\/02\/Imagen5-1.png 805w, https:\/\/clickturismo.es\/wp-content\/uploads\/2022\/02\/Imagen5-1-300x45.png 300w, https:\/\/clickturismo.es\/wp-content\/uploads\/2022\/02\/Imagen5-1-768x114.png 768w, https:\/\/clickturismo.es\/wp-content\/uploads\/2022\/02\/Imagen5-1-389x58.png 389w, https:\/\/clickturismo.es\/wp-content\/uploads\/2022\/02\/Imagen5-1-800x120.png 800w\" sizes=\"auto, (max-width: 1239px) 100vw, 1239px\" \/><\/a><\/figure>\n\n\n\n<figure class=\"wp-block-image size-full is-resized\"><a href=\"https:\/\/www.guiarepsol.com\/es\/comer\/de-tapeo\/ruta-de-tapas-por-salamanca-los-mejores-bares\/\"><img loading=\"lazy\" decoding=\"async\" src=\"https:\/\/clickturismo.es\/wp-content\/uploads\/2022\/02\/Imagen6-1.png\" alt=\"\" class=\"wp-image-105\" width=\"1240\" height=\"180\" srcset=\"https:\/\/clickturismo.es\/wp-content\/uploads\/2022\/02\/Imagen6-1.png 805w, https:\/\/clickturismo.es\/wp-content\/uploads\/2022\/02\/Imagen6-1-300x44.png 300w, https:\/\/clickturismo.es\/wp-content\/uploads\/2022\/02\/Imagen6-1-768x112.png 768w, https:\/\/clickturismo.es\/wp-content\/uploads\/2022\/02\/Imagen6-1-389x57.png 389w, https:\/\/clickturismo.es\/wp-content\/uploads\/2022\/02\/Imagen6-1-800x117.png 800w\" sizes=\"auto, (max-width: 1240px) 100vw, 1240px\" \/><\/a><\/figure>\n\n\n\n<figure class=\"wp-block-image size-full is-resized\"><a href=\"http:\/\/www.ciudaddesalamanca.es\/ocio\/salir_marcha_en_salamanca.php\"><img loading=\"lazy\" decoding=\"async\" src=\"https:\/\/clickturismo.es\/wp-content\/uploads\/2022\/02\/Imagen7-1.png\" alt=\"\" class=\"wp-image-106\" width=\"1240\" height=\"186\" srcset=\"https:\/\/clickturismo.es\/wp-content\/uploads\/2022\/02\/Imagen7-1.png 806w, https:\/\/clickturismo.es\/wp-content\/uploads\/2022\/02\/Imagen7-1-300x45.png 300w, https:\/\/clickturismo.es\/wp-content\/uploads\/2022\/02\/Imagen7-1-768x114.png 768w, https:\/\/clickturismo.es\/wp-content\/uploads\/2022\/02\/Imagen7-1-389x58.png 389w, https:\/\/clickturismo.es\/wp-content\/uploads\/2022\/02\/Imagen7-1-800x120.png 800w\" sizes=\"auto, (max-width: 1240px) 100vw, 1240px\" \/><\/a><\/figure>\n\n\n\n<figure class=\"wp-block-image size-full is-resized\"><a href=\"https:\/\/www.booking.com\/city\/es\/salamanca.es.html\"><img loading=\"lazy\" decoding=\"async\" src=\"https:\/\/clickturismo.es\/wp-content\/uploads\/2022\/02\/Imagen8-1.png\" alt=\"\" class=\"wp-image-112\" width=\"1240\" height=\"186\" srcset=\"https:\/\/clickturismo.es\/wp-content\/uploads\/2022\/02\/Imagen8-1.png 806w, https:\/\/clickturismo.es\/wp-content\/uploads\/2022\/02\/Imagen8-1-300x45.png 300w, https:\/\/clickturismo.es\/wp-content\/uploads\/2022\/02\/Imagen8-1-768x114.png 768w, https:\/\/clickturismo.es\/wp-content\/uploads\/2022\/02\/Imagen8-1-389x58.png 389w, https:\/\/clickturismo.es\/wp-content\/uploads\/2022\/02\/Imagen8-1-800x120.png 800w\" sizes=\"auto, (max-width: 1240px) 100vw, 1240px\" \/><\/a><\/figure>\n\n\n\n<figure class=\"wp-block-image size-full is-resized\"><a href=\"https:\/\/salamancautil.com\/blog\/de-compras-por-salamanca\/\"><img loading=\"lazy\" decoding=\"async\" src=\"https:\/\/clickturismo.es\/wp-content\/uploads\/2022\/02\/Imagen9-1.png\" alt=\"\" class=\"wp-image-107\" width=\"1240\" height=\"186\" srcset=\"https:\/\/clickturismo.es\/wp-content\/uploads\/2022\/02\/Imagen9-1.png 806w, https:\/\/clickturismo.es\/wp-content\/uploads\/2022\/02\/Imagen9-1-300x45.png 300w, https:\/\/clickturismo.es\/wp-content\/uploads\/2022\/02\/Imagen9-1-768x114.png 768w, https:\/\/clickturismo.es\/wp-content\/uploads\/2022\/02\/Imagen9-1-389x58.png 389w, https:\/\/clickturismo.es\/wp-content\/uploads\/2022\/02\/Imagen9-1-800x120.png 800w\" sizes=\"auto, (max-width: 1240px) 100vw, 1240px\" \/><\/a><\/figure>\n\n\n\n<figure class=\"wp-block-image size-full is-resized\"><a href=\"https:\/\/es.wikiloc.com\/rutas\/senderismo\/espana\/castilla-y-leon\/salamanca\"><img loading=\"lazy\" decoding=\"async\" src=\"https:\/\/clickturismo.es\/wp-content\/uploads\/2022\/02\/Imagen10-1.png\" alt=\"\" class=\"wp-image-110\" width=\"1239\" height=\"186\" srcset=\"https:\/\/clickturismo.es\/wp-content\/uploads\/2022\/02\/Imagen10-1.png 805w, https:\/\/clickturismo.es\/wp-content\/uploads\/2022\/02\/Imagen10-1-300x45.png 300w, https:\/\/clickturismo.es\/wp-content\/uploads\/2022\/02\/Imagen10-1-768x114.png 768w, https:\/\/clickturismo.es\/wp-content\/uploads\/2022\/02\/Imagen10-1-389x58.png 389w, https:\/\/clickturismo.es\/wp-content\/uploads\/2022\/02\/Imagen10-1-800x120.png 800w\" sizes=\"auto, (max-width: 1239px) 100vw, 1239px\" \/><\/a><\/figure>\n\n\n\n<hr class=\"wp-block-separator\"\/>\n","protected":false},"excerpt":{"rendered":"<p>Salamanca posee la Universidad en activo m\u00e1s antigua de Espa\u00f1a. Es una urbe cosmopolita que no se desprende de sus tradiciones, su Plaza Mayor es &hellip;<\/p>\n","protected":false},"author":1,"featured_media":233,"parent":0,"menu_order":0,"comment_status":"closed","ping_status":"closed","template":"","meta":{"_monsterinsights_skip_tracking":false,"_monsterinsights_sitenote_active":false,"_monsterinsights_sitenote_note":"","_monsterinsights_sitenote_category":0,"footnotes":""},"class_list":["post-30","page","type-page","status-publish","has-post-thumbnail","hentry"],"_links":{"self":[{"href":"https:\/\/clickturismo.es\/index.php\/wp-json\/wp\/v2\/pages\/30","targetHints":{"allow":["GET"]}}],"collection":[{"href":"https:\/\/clickturismo.es\/index.php\/wp-json\/wp\/v2\/pages"}],"about":[{"href":"https:\/\/clickturismo.es\/index.php\/wp-json\/wp\/v2\/types\/page"}],"author":[{"embeddable":true,"href":"https:\/\/clickturismo.es\/index.php\/wp-json\/wp\/v2\/users\/1"}],"replies":[{"embeddable":true,"href":"https:\/\/clickturismo.es\/index.php\/wp-json\/wp\/v2\/comments?post=30"}],"version-history":[{"count":3,"href":"https:\/\/clickturismo.es\/index.php\/wp-json\/wp\/v2\/pages\/30\/revisions"}],"predecessor-version":[{"id":251,"href":"https:\/\/clickturismo.es\/index.php\/wp-json\/wp\/v2\/pages\/30\/revisions\/251"}],"wp:featuredmedia":[{"embeddable":true,"href":"https:\/\/clickturismo.es\/index.php\/wp-json\/wp\/v2\/media\/233"}],"wp:attachment":[{"href":"https:\/\/clickturismo.es\/index.php\/wp-json\/wp\/v2\/media?parent=30"}],"curies":[{"name":"wp","href":"https:\/\/api.w.org\/{rel}","templated":true}]}}