{"id":29,"date":"2022-02-18T22:43:34","date_gmt":"2022-02-18T22:43:34","guid":{"rendered":"https:\/\/clickturismo.es\/?page_id=29"},"modified":"2022-03-17T20:55:14","modified_gmt":"2022-03-17T20:55:14","slug":"palencia","status":"publish","type":"page","link":"https:\/\/clickturismo.es\/index.php\/palencia\/","title":{"rendered":"Palencia"},"content":{"rendered":"\n<hr class=\"wp-block-separator\"\/>\n\n\n\n<h2 class=\"wp-block-heading\" id=\"palencia-capital\">PALENCIA CAPITAL<\/h2>\n\n\n\n<hr class=\"wp-block-separator\"\/>\n\n\n\n<p><strong>Palencia es una ciudad que conserva el aire<\/strong>&nbsp;<strong>de una capital t\u00edpicamente castellana.<\/strong><br><strong>&nbsp;Se encuentra situada en medio de una gran llanura,<\/strong>&nbsp;<strong>en plena Tierra de Campos,<\/strong>&nbsp;<strong>ba\u00f1ada por las aguas del r\u00edo Carri\u00f3n.<\/strong><br><strong>Enclavada sobre lo que fuera el asentamiento vacceo,<\/strong>&nbsp;<strong>luego fue conquistada por los romanos en el siglo II a.C.<\/strong><\/p>\n\n\n\n<p><strong>Una de las mejores panor\u00e1micas de la ciudad<\/strong>&nbsp;<strong>se divisa desde el Cerro del Otero,<\/strong><br><strong>donde se alza una imponente escultura de 22 metros de altura,el Cristo del Otero, obra del escultor Victorio Macho,&nbsp;<\/strong><strong>forma parte de la estampa palentina<\/strong>&nbsp;<strong>y se divisa desde varios kil\u00f3metros a la redonda.<\/strong><\/p>\n\n\n\n<p><strong>Palencia es la bella desconocida.<\/strong><br><strong>Son muchas las personas que buscan tesoros lejos de sus casas sin percatarse que muy cerca pueden encontrar provincias con una gran historia<\/strong>&nbsp;<strong>y belleza como puede ser Palencia.<\/strong><\/p>\n\n\n\n<hr class=\"wp-block-separator\"\/>\n\n\n\n<figure class=\"wp-block-image size-large is-resized\"><img loading=\"lazy\" decoding=\"async\" src=\"https:\/\/clickturismo.es\/wp-content\/uploads\/2022\/02\/d67b52d70e5a820cd65113d0c4dd7eb6-1024x627.jpg\" alt=\"\" class=\"wp-image-123\" width=\"1240\" height=\"759\" srcset=\"https:\/\/clickturismo.es\/wp-content\/uploads\/2022\/02\/d67b52d70e5a820cd65113d0c4dd7eb6-1024x627.jpg 1024w, https:\/\/clickturismo.es\/wp-content\/uploads\/2022\/02\/d67b52d70e5a820cd65113d0c4dd7eb6-300x184.jpg 300w, https:\/\/clickturismo.es\/wp-content\/uploads\/2022\/02\/d67b52d70e5a820cd65113d0c4dd7eb6-768x471.jpg 768w, https:\/\/clickturismo.es\/wp-content\/uploads\/2022\/02\/d67b52d70e5a820cd65113d0c4dd7eb6-1536x941.jpg 1536w, https:\/\/clickturismo.es\/wp-content\/uploads\/2022\/02\/d67b52d70e5a820cd65113d0c4dd7eb6-389x238.jpg 389w, https:\/\/clickturismo.es\/wp-content\/uploads\/2022\/02\/d67b52d70e5a820cd65113d0c4dd7eb6.jpg 1890w\" sizes=\"auto, (max-width: 1240px) 100vw, 1240px\" \/><figcaption>Calle Mayor<\/figcaption><\/figure>\n\n\n\n<figure class=\"wp-block-image size-large is-resized\"><a href=\"http:\/\/turismopalencia.digital\/index.php\/historia\/\"><img loading=\"lazy\" decoding=\"async\" src=\"https:\/\/clickturismo.es\/wp-content\/uploads\/2022\/02\/1-historia-1024x166.png\" alt=\"\" class=\"wp-image-124\" width=\"1240\" height=\"201\" srcset=\"https:\/\/clickturismo.es\/wp-content\/uploads\/2022\/02\/1-historia-1024x166.png 1024w, https:\/\/clickturismo.es\/wp-content\/uploads\/2022\/02\/1-historia-300x49.png 300w, https:\/\/clickturismo.es\/wp-content\/uploads\/2022\/02\/1-historia-768x124.png 768w, https:\/\/clickturismo.es\/wp-content\/uploads\/2022\/02\/1-historia-1536x249.png 1536w, https:\/\/clickturismo.es\/wp-content\/uploads\/2022\/02\/1-historia-2048x332.png 2048w, https:\/\/clickturismo.es\/wp-content\/uploads\/2022\/02\/1-historia-389x63.png 389w\" sizes=\"auto, (max-width: 1240px) 100vw, 1240px\" \/><\/a><\/figure>\n\n\n\n<figure class=\"wp-block-image size-large is-resized\"><a href=\"http:\/\/turismopalencia.digital\/index.php\/monumentos\/\"><img loading=\"lazy\" decoding=\"async\" src=\"https:\/\/clickturismo.es\/wp-content\/uploads\/2022\/02\/1-monumentos-1024x165.png\" alt=\"\" class=\"wp-image-125\" width=\"1240\" height=\"200\" srcset=\"https:\/\/clickturismo.es\/wp-content\/uploads\/2022\/02\/1-monumentos-1024x165.png 1024w, https:\/\/clickturismo.es\/wp-content\/uploads\/2022\/02\/1-monumentos-300x48.png 300w, https:\/\/clickturismo.es\/wp-content\/uploads\/2022\/02\/1-monumentos-768x124.png 768w, https:\/\/clickturismo.es\/wp-content\/uploads\/2022\/02\/1-monumentos-1536x248.png 1536w, https:\/\/clickturismo.es\/wp-content\/uploads\/2022\/02\/1-monumentos-2048x330.png 2048w, https:\/\/clickturismo.es\/wp-content\/uploads\/2022\/02\/1-monumentos-389x63.png 389w\" sizes=\"auto, (max-width: 1240px) 100vw, 1240px\" \/><\/a><\/figure>\n\n\n\n<figure class=\"wp-block-image size-large is-resized\"><a href=\"http:\/\/turismopalencia.digital\/index.php\/lugares-de-interes\/\"><img loading=\"lazy\" decoding=\"async\" src=\"https:\/\/clickturismo.es\/wp-content\/uploads\/2022\/02\/1-lugares-1024x165.png\" alt=\"\" class=\"wp-image-126\" width=\"1240\" height=\"200\" srcset=\"https:\/\/clickturismo.es\/wp-content\/uploads\/2022\/02\/1-lugares-1024x165.png 1024w, https:\/\/clickturismo.es\/wp-content\/uploads\/2022\/02\/1-lugares-300x48.png 300w, https:\/\/clickturismo.es\/wp-content\/uploads\/2022\/02\/1-lugares-768x124.png 768w, https:\/\/clickturismo.es\/wp-content\/uploads\/2022\/02\/1-lugares-1536x248.png 1536w, https:\/\/clickturismo.es\/wp-content\/uploads\/2022\/02\/1-lugares-2048x330.png 2048w, https:\/\/clickturismo.es\/wp-content\/uploads\/2022\/02\/1-lugares-389x63.png 389w\" sizes=\"auto, (max-width: 1240px) 100vw, 1240px\" \/><\/a><\/figure>\n\n\n\n<figure class=\"wp-block-image size-large is-resized\"><a href=\"http:\/\/turismopalencia.digital\/index.php\/fiestas\/\"><img loading=\"lazy\" decoding=\"async\" src=\"https:\/\/clickturismo.es\/wp-content\/uploads\/2022\/02\/a-fiestas-1024x166.png\" alt=\"\" class=\"wp-image-144\" width=\"1240\" height=\"201\" srcset=\"https:\/\/clickturismo.es\/wp-content\/uploads\/2022\/02\/a-fiestas-1024x166.png 1024w, https:\/\/clickturismo.es\/wp-content\/uploads\/2022\/02\/a-fiestas-300x49.png 300w, https:\/\/clickturismo.es\/wp-content\/uploads\/2022\/02\/a-fiestas-768x124.png 768w, https:\/\/clickturismo.es\/wp-content\/uploads\/2022\/02\/a-fiestas-1536x248.png 1536w, https:\/\/clickturismo.es\/wp-content\/uploads\/2022\/02\/a-fiestas-2048x331.png 2048w, https:\/\/clickturismo.es\/wp-content\/uploads\/2022\/02\/a-fiestas-389x63.png 389w\" sizes=\"auto, (max-width: 1240px) 100vw, 1240px\" \/><\/a><\/figure>\n\n\n\n<figure class=\"wp-block-image size-large is-resized\"><a href=\"http:\/\/turismopalencia.digital\/index.php\/bares-y-restaurantes\/\"><img loading=\"lazy\" decoding=\"async\" src=\"https:\/\/clickturismo.es\/wp-content\/uploads\/2022\/02\/1-restaurantes-1024x165.png\" alt=\"\" class=\"wp-image-127\" width=\"1239\" height=\"200\" srcset=\"https:\/\/clickturismo.es\/wp-content\/uploads\/2022\/02\/1-restaurantes-1024x165.png 1024w, https:\/\/clickturismo.es\/wp-content\/uploads\/2022\/02\/1-restaurantes-300x48.png 300w, https:\/\/clickturismo.es\/wp-content\/uploads\/2022\/02\/1-restaurantes-768x124.png 768w, https:\/\/clickturismo.es\/wp-content\/uploads\/2022\/02\/1-restaurantes-1536x248.png 1536w, https:\/\/clickturismo.es\/wp-content\/uploads\/2022\/02\/1-restaurantes-2048x330.png 2048w, https:\/\/clickturismo.es\/wp-content\/uploads\/2022\/02\/1-restaurantes-389x63.png 389w\" sizes=\"auto, (max-width: 1239px) 100vw, 1239px\" \/><\/a><\/figure>\n\n\n\n<figure class=\"wp-block-image size-large is-resized\"><a href=\"http:\/\/turismopalencia.digital\/index.php\/bares-y-restaurantes\/\"><img loading=\"lazy\" decoding=\"async\" src=\"https:\/\/clickturismo.es\/wp-content\/uploads\/2022\/02\/1-de-tapas-1024x166.png\" alt=\"\" class=\"wp-image-128\" width=\"1240\" height=\"201\" srcset=\"https:\/\/clickturismo.es\/wp-content\/uploads\/2022\/02\/1-de-tapas-1024x166.png 1024w, https:\/\/clickturismo.es\/wp-content\/uploads\/2022\/02\/1-de-tapas-300x49.png 300w, https:\/\/clickturismo.es\/wp-content\/uploads\/2022\/02\/1-de-tapas-768x124.png 768w, https:\/\/clickturismo.es\/wp-content\/uploads\/2022\/02\/1-de-tapas-1536x249.png 1536w, https:\/\/clickturismo.es\/wp-content\/uploads\/2022\/02\/1-de-tapas-2048x332.png 2048w, https:\/\/clickturismo.es\/wp-content\/uploads\/2022\/02\/1-de-tapas-389x63.png 389w\" sizes=\"auto, (max-width: 1240px) 100vw, 1240px\" \/><\/a><\/figure>\n\n\n\n<figure class=\"wp-block-image size-large is-resized\"><a href=\"https:\/\/clickturismo.es\/decopaspalencia\/\"><img loading=\"lazy\" decoding=\"async\" src=\"https:\/\/clickturismo.es\/wp-content\/uploads\/2022\/02\/1-de-copas-1024x166.png\" alt=\"\" class=\"wp-image-129\" width=\"1240\" height=\"201\" srcset=\"https:\/\/clickturismo.es\/wp-content\/uploads\/2022\/02\/1-de-copas-1024x166.png 1024w, https:\/\/clickturismo.es\/wp-content\/uploads\/2022\/02\/1-de-copas-300x49.png 300w, https:\/\/clickturismo.es\/wp-content\/uploads\/2022\/02\/1-de-copas-768x124.png 768w, https:\/\/clickturismo.es\/wp-content\/uploads\/2022\/02\/1-de-copas-1536x248.png 1536w, https:\/\/clickturismo.es\/wp-content\/uploads\/2022\/02\/1-de-copas-2048x331.png 2048w, https:\/\/clickturismo.es\/wp-content\/uploads\/2022\/02\/1-de-copas-389x63.png 389w\" sizes=\"auto, (max-width: 1240px) 100vw, 1240px\" \/><\/a><\/figure>\n\n\n\n<figure class=\"wp-block-image size-large is-resized\"><a href=\"http:\/\/turismopalencia.digital\/index.php\/hoteles\/\"><img loading=\"lazy\" decoding=\"async\" src=\"https:\/\/clickturismo.es\/wp-content\/uploads\/2022\/02\/1-hoteles-1024x166.png\" alt=\"\" class=\"wp-image-130\" width=\"1240\" height=\"201\" srcset=\"https:\/\/clickturismo.es\/wp-content\/uploads\/2022\/02\/1-hoteles-1024x166.png 1024w, https:\/\/clickturismo.es\/wp-content\/uploads\/2022\/02\/1-hoteles-300x49.png 300w, https:\/\/clickturismo.es\/wp-content\/uploads\/2022\/02\/1-hoteles-768x124.png 768w, https:\/\/clickturismo.es\/wp-content\/uploads\/2022\/02\/1-hoteles-1536x248.png 1536w, https:\/\/clickturismo.es\/wp-content\/uploads\/2022\/02\/1-hoteles-2048x331.png 2048w, https:\/\/clickturismo.es\/wp-content\/uploads\/2022\/02\/1-hoteles-389x63.png 389w\" sizes=\"auto, (max-width: 1240px) 100vw, 1240px\" \/><\/a><\/figure>\n\n\n\n<figure class=\"wp-block-image size-large is-resized\"><a href=\"https:\/\/clickturismo.es\/decompraspalencia\/\"><img loading=\"lazy\" decoding=\"async\" src=\"https:\/\/clickturismo.es\/wp-content\/uploads\/2022\/02\/de-compras-1024x166.png\" alt=\"\" class=\"wp-image-131\" width=\"1239\" height=\"201\" srcset=\"https:\/\/clickturismo.es\/wp-content\/uploads\/2022\/02\/de-compras-1024x166.png 1024w, https:\/\/clickturismo.es\/wp-content\/uploads\/2022\/02\/de-compras-300x49.png 300w, https:\/\/clickturismo.es\/wp-content\/uploads\/2022\/02\/de-compras-768x124.png 768w, https:\/\/clickturismo.es\/wp-content\/uploads\/2022\/02\/de-compras-1536x249.png 1536w, https:\/\/clickturismo.es\/wp-content\/uploads\/2022\/02\/de-compras-2048x332.png 2048w, https:\/\/clickturismo.es\/wp-content\/uploads\/2022\/02\/de-compras-389x63.png 389w\" sizes=\"auto, (max-width: 1239px) 100vw, 1239px\" \/><\/a><\/figure>\n\n\n\n<figure class=\"wp-block-image size-large is-resized\"><a href=\"http:\/\/turismopalencia.digital\/index.php\/senderismo\/\"><img loading=\"lazy\" decoding=\"async\" src=\"https:\/\/clickturismo.es\/wp-content\/uploads\/2022\/02\/1-senderismo-1024x166.png\" alt=\"\" class=\"wp-image-132\" width=\"1240\" height=\"201\" srcset=\"https:\/\/clickturismo.es\/wp-content\/uploads\/2022\/02\/1-senderismo-1024x166.png 1024w, https:\/\/clickturismo.es\/wp-content\/uploads\/2022\/02\/1-senderismo-300x49.png 300w, https:\/\/clickturismo.es\/wp-content\/uploads\/2022\/02\/1-senderismo-768x124.png 768w, https:\/\/clickturismo.es\/wp-content\/uploads\/2022\/02\/1-senderismo-1536x248.png 1536w, https:\/\/clickturismo.es\/wp-content\/uploads\/2022\/02\/1-senderismo-2048x331.png 2048w, https:\/\/clickturismo.es\/wp-content\/uploads\/2022\/02\/1-senderismo-389x63.png 389w\" sizes=\"auto, (max-width: 1240px) 100vw, 1240px\" \/><\/a><\/figure>\n\n\n\n<hr class=\"wp-block-separator\"\/>\n\n\n\n<hr class=\"wp-block-separator\"\/>\n\n\n\n<h2 class=\"wp-block-heading\" id=\"palencia-provincia\">PALENCIA PROVINCIA<\/h2>\n\n\n\n<hr class=\"wp-block-separator\"\/>\n\n\n\n<p><strong>Esta provincia ubicada en el norte de Castilla y Le\u00f3n<\/strong>&nbsp;<strong>destaca como ejemplo de arte rom\u00e1nico<\/strong>&nbsp;<strong>ya que acoge una de las mayores concentraciones de monumentos<\/strong>&nbsp;<strong>de este estilo de toda Europa<\/strong><br><strong>Un modo de conocerlo es a trav\u00e9s del Camino de Santiago,<\/strong>&nbsp;<strong>que pasa por Fr\u00f3mista, Poblaci\u00f3n de Campos y Carri\u00f3n de los Condes,<\/strong>&nbsp;<strong>entre otras localidades.<\/strong><br><strong>En la zona sur, el arte rom\u00e1nico se centra en los alrededores de la ciudad de Palencia mientras que en el norte destaca especialmente<\/strong>&nbsp;<strong>en Aguilar de Campoo.<\/strong><br><strong>En la gastronom\u00eda son recomendables sus productos t\u00edpicos como<\/strong>&nbsp;<strong>el lechazo churro, la carne de Cervera, los embutidos, las ciegas de Salda\u00f1a o los brazos de San Lorenzo.<\/strong><\/p>\n\n\n\n<hr class=\"wp-block-separator\"\/>\n\n\n\n<figure class=\"wp-block-image size-full is-resized\"><img loading=\"lazy\" decoding=\"async\" src=\"https:\/\/clickturismo.es\/wp-content\/uploads\/2022\/02\/alba-de-los-cardanos-1024x756-1.jpg\" alt=\"\" class=\"wp-image-133\" width=\"1241\" height=\"916\" srcset=\"https:\/\/clickturismo.es\/wp-content\/uploads\/2022\/02\/alba-de-los-cardanos-1024x756-1.jpg 1024w, https:\/\/clickturismo.es\/wp-content\/uploads\/2022\/02\/alba-de-los-cardanos-1024x756-1-300x221.jpg 300w, https:\/\/clickturismo.es\/wp-content\/uploads\/2022\/02\/alba-de-los-cardanos-1024x756-1-768x567.jpg 768w, https:\/\/clickturismo.es\/wp-content\/uploads\/2022\/02\/alba-de-los-cardanos-1024x756-1-389x287.jpg 389w\" sizes=\"auto, (max-width: 1241px) 100vw, 1241px\" \/><figcaption>Fuentes Carrionas<\/figcaption><\/figure>\n\n\n\n<hr class=\"wp-block-separator\"\/>\n\n\n\n<figure class=\"wp-block-image size-large is-resized\"><a href=\"http:\/\/turismopalencia.digital\/index.php\/localidades\/\"><img loading=\"lazy\" decoding=\"async\" src=\"https:\/\/clickturismo.es\/wp-content\/uploads\/2022\/02\/b-localidades-1024x169.png\" alt=\"\" class=\"wp-image-134\" width=\"1239\" height=\"204\" srcset=\"https:\/\/clickturismo.es\/wp-content\/uploads\/2022\/02\/b-localidades-1024x169.png 1024w, https:\/\/clickturismo.es\/wp-content\/uploads\/2022\/02\/b-localidades-300x50.png 300w, https:\/\/clickturismo.es\/wp-content\/uploads\/2022\/02\/b-localidades-768x127.png 768w, https:\/\/clickturismo.es\/wp-content\/uploads\/2022\/02\/b-localidades-1536x254.png 1536w, https:\/\/clickturismo.es\/wp-content\/uploads\/2022\/02\/b-localidades-2048x339.png 2048w, https:\/\/clickturismo.es\/wp-content\/uploads\/2022\/02\/b-localidades-389x64.png 389w\" sizes=\"auto, (max-width: 1239px) 100vw, 1239px\" \/><\/a><\/figure>\n\n\n\n<figure class=\"wp-block-image size-large is-resized\"><a href=\"http:\/\/turismopalencia.digital\/index.php\/rutas\/\"><img loading=\"lazy\" decoding=\"async\" src=\"https:\/\/clickturismo.es\/wp-content\/uploads\/2022\/02\/b-rutas-1024x169.png\" alt=\"\" class=\"wp-image-135\" width=\"1240\" height=\"206\" srcset=\"https:\/\/clickturismo.es\/wp-content\/uploads\/2022\/02\/b-rutas-1024x169.png 1024w, https:\/\/clickturismo.es\/wp-content\/uploads\/2022\/02\/b-rutas-300x50.png 300w, https:\/\/clickturismo.es\/wp-content\/uploads\/2022\/02\/b-rutas-768x127.png 768w, https:\/\/clickturismo.es\/wp-content\/uploads\/2022\/02\/b-rutas-1536x254.png 1536w, https:\/\/clickturismo.es\/wp-content\/uploads\/2022\/02\/b-rutas-2048x339.png 2048w, https:\/\/clickturismo.es\/wp-content\/uploads\/2022\/02\/b-rutas-389x64.png 389w\" sizes=\"auto, (max-width: 1240px) 100vw, 1240px\" \/><\/a><\/figure>\n\n\n\n<figure class=\"wp-block-image size-large is-resized\"><a href=\"http:\/\/turismopalencia.digital\/index.php\/enoturismo\/\"><img loading=\"lazy\" decoding=\"async\" src=\"https:\/\/clickturismo.es\/wp-content\/uploads\/2022\/02\/b-enoturismo-1024x169.png\" alt=\"\" class=\"wp-image-136\" width=\"1240\" height=\"206\" srcset=\"https:\/\/clickturismo.es\/wp-content\/uploads\/2022\/02\/b-enoturismo-1024x169.png 1024w, https:\/\/clickturismo.es\/wp-content\/uploads\/2022\/02\/b-enoturismo-300x49.png 300w, https:\/\/clickturismo.es\/wp-content\/uploads\/2022\/02\/b-enoturismo-768x127.png 768w, https:\/\/clickturismo.es\/wp-content\/uploads\/2022\/02\/b-enoturismo-2048x338.png 2048w, https:\/\/clickturismo.es\/wp-content\/uploads\/2022\/02\/b-enoturismo-389x64.png 389w\" sizes=\"auto, (max-width: 1240px) 100vw, 1240px\" \/><\/a><\/figure>\n\n\n\n<figure class=\"wp-block-image size-large is-resized\"><a href=\"http:\/\/turismopalencia.digital\/index.php\/historia-2\/\"><img loading=\"lazy\" decoding=\"async\" src=\"https:\/\/clickturismo.es\/wp-content\/uploads\/2022\/02\/b-historia-1024x169.png\" alt=\"\" class=\"wp-image-137\" width=\"1239\" height=\"204\" srcset=\"https:\/\/clickturismo.es\/wp-content\/uploads\/2022\/02\/b-historia-1024x169.png 1024w, https:\/\/clickturismo.es\/wp-content\/uploads\/2022\/02\/b-historia-300x50.png 300w, https:\/\/clickturismo.es\/wp-content\/uploads\/2022\/02\/b-historia-768x127.png 768w, https:\/\/clickturismo.es\/wp-content\/uploads\/2022\/02\/b-historia-1536x254.png 1536w, https:\/\/clickturismo.es\/wp-content\/uploads\/2022\/02\/b-historia-2048x339.png 2048w, https:\/\/clickturismo.es\/wp-content\/uploads\/2022\/02\/b-historia-389x64.png 389w\" sizes=\"auto, (max-width: 1239px) 100vw, 1239px\" \/><\/a><\/figure>\n\n\n\n<figure class=\"wp-block-image size-large is-resized\"><a href=\"http:\/\/turismopalencia.digital\/index.php\/gastronomia\/\"><img loading=\"lazy\" decoding=\"async\" src=\"https:\/\/clickturismo.es\/wp-content\/uploads\/2022\/02\/b-gastronomia-1024x170.png\" alt=\"\" class=\"wp-image-138\" width=\"1239\" height=\"206\" srcset=\"https:\/\/clickturismo.es\/wp-content\/uploads\/2022\/02\/b-gastronomia-1024x170.png 1024w, https:\/\/clickturismo.es\/wp-content\/uploads\/2022\/02\/b-gastronomia-300x50.png 300w, https:\/\/clickturismo.es\/wp-content\/uploads\/2022\/02\/b-gastronomia-768x127.png 768w, https:\/\/clickturismo.es\/wp-content\/uploads\/2022\/02\/b-gastronomia-1536x255.png 1536w, https:\/\/clickturismo.es\/wp-content\/uploads\/2022\/02\/b-gastronomia-2048x339.png 2048w, https:\/\/clickturismo.es\/wp-content\/uploads\/2022\/02\/b-gastronomia-389x64.png 389w\" sizes=\"auto, (max-width: 1239px) 100vw, 1239px\" \/><\/a><\/figure>\n\n\n\n<hr class=\"wp-block-separator\"\/>\n\n\n\n<hr class=\"wp-block-separator\"\/>\n\n\n\n<p><\/p>\n","protected":false},"excerpt":{"rendered":"<p>PALENCIA CAPITAL Palencia es una ciudad que conserva el aire&nbsp;de una capital t\u00edpicamente castellana.&nbsp;Se encuentra situada en medio de una gran llanura,&nbsp;en plena Tierra de &hellip;<\/p>\n","protected":false},"author":1,"featured_media":232,"parent":0,"menu_order":0,"comment_status":"closed","ping_status":"closed","template":"","meta":{"_monsterinsights_skip_tracking":false,"_monsterinsights_sitenote_active":false,"_monsterinsights_sitenote_note":"","_monsterinsights_sitenote_category":0,"footnotes":""},"class_list":["post-29","page","type-page","status-publish","has-post-thumbnail","hentry"],"_links":{"self":[{"href":"https:\/\/clickturismo.es\/index.php\/wp-json\/wp\/v2\/pages\/29","targetHints":{"allow":["GET"]}}],"collection":[{"href":"https:\/\/clickturismo.es\/index.php\/wp-json\/wp\/v2\/pages"}],"about":[{"href":"https:\/\/clickturismo.es\/index.php\/wp-json\/wp\/v2\/types\/page"}],"author":[{"embeddable":true,"href":"https:\/\/clickturismo.es\/index.php\/wp-json\/wp\/v2\/users\/1"}],"replies":[{"embeddable":true,"href":"https:\/\/clickturismo.es\/index.php\/wp-json\/wp\/v2\/comments?post=29"}],"version-history":[{"count":4,"href":"https:\/\/clickturismo.es\/index.php\/wp-json\/wp\/v2\/pages\/29\/revisions"}],"predecessor-version":[{"id":250,"href":"https:\/\/clickturismo.es\/index.php\/wp-json\/wp\/v2\/pages\/29\/revisions\/250"}],"wp:featuredmedia":[{"embeddable":true,"href":"https:\/\/clickturismo.es\/index.php\/wp-json\/wp\/v2\/media\/232"}],"wp:attachment":[{"href":"https:\/\/clickturismo.es\/index.php\/wp-json\/wp\/v2\/media?parent=29"}],"curies":[{"name":"wp","href":"https:\/\/api.w.org\/{rel}","templated":true}]}}