{"id":28,"date":"2022-02-18T22:43:34","date_gmt":"2022-02-18T22:43:34","guid":{"rendered":"https:\/\/clickturismo.es\/?page_id=28"},"modified":"2022-03-17T20:52:57","modified_gmt":"2022-03-17T20:52:57","slug":"leon","status":"publish","type":"page","link":"https:\/\/clickturismo.es\/index.php\/leon\/","title":{"rendered":"Le\u00f3n"},"content":{"rendered":"\n<hr class=\"wp-block-separator\"\/>\n\n\n\n<p><strong>Le\u00f3n es hoy un ejemplo de ciudad hist\u00f3rica que ha sabido adaptarse a los tiempos modernos. Capital de provincia luminosa y abierta, recibe anualmente a numerosos visitantes que acuden a conocer sus atractivos tur\u00edsticos. Valga como ejemplo su catedral y la Semana Santa, declarada de Inter\u00e9s Tur\u00edstico Internacional.<\/strong><\/p>\n\n\n\n<p><strong>Su historia, escrita en cada una de sus piedras, recuerda que fue capital de un antiguo reino y pieza clave en el itinerario del Camino de Santiago, una de las principales referencias culturales de la ciudad.<\/strong><\/p>\n\n\n\n<p><strong>Se fund\u00f3 sobre lo que fue el campamento militar romano de la Legio VII Gemina en Hispania en el a\u00f1o 74 d.C. Atesora un conjunto monumental envidiable que recorre casi todas los estilos art\u00edsticos, desde el rom\u00e1nico, pasando por el g\u00f3tico, plateresco, renacentista e incluso modernista.<\/strong><\/p>\n\n\n\n<p><strong>Es un enclave milenario ba\u00f1ado por el r\u00edo Bernesga, que cruza la ciudad acompa\u00f1ado por un bello paseo convertido en lugar de descanso y recreo de muchos leoneses y por el r\u00edo Tor\u00edo, que lo atraviesa por el barrio de Puente Castro.<\/strong><\/p>\n\n\n\n<hr class=\"wp-block-separator\"\/>\n\n\n\n<figure class=\"wp-block-image size-large is-resized\"><img loading=\"lazy\" decoding=\"async\" src=\"https:\/\/clickturismo.es\/wp-content\/uploads\/2022\/02\/panorc3a1mica-lec3b3n-2-1024x408.jpg\" alt=\"\" class=\"wp-image-86\" width=\"1240\" height=\"494\" srcset=\"https:\/\/clickturismo.es\/wp-content\/uploads\/2022\/02\/panorc3a1mica-lec3b3n-2-1024x408.jpg 1024w, https:\/\/clickturismo.es\/wp-content\/uploads\/2022\/02\/panorc3a1mica-lec3b3n-2-300x120.jpg 300w, https:\/\/clickturismo.es\/wp-content\/uploads\/2022\/02\/panorc3a1mica-lec3b3n-2-768x306.jpg 768w, https:\/\/clickturismo.es\/wp-content\/uploads\/2022\/02\/panorc3a1mica-lec3b3n-2-1536x612.jpg 1536w, https:\/\/clickturismo.es\/wp-content\/uploads\/2022\/02\/panorc3a1mica-lec3b3n-2-389x155.jpg 389w, https:\/\/clickturismo.es\/wp-content\/uploads\/2022\/02\/panorc3a1mica-lec3b3n-2.jpg 1728w\" sizes=\"auto, (max-width: 1240px) 100vw, 1240px\" \/><\/figure>\n\n\n\n<hr class=\"wp-block-separator\"\/>\n\n\n\n<figure class=\"wp-block-image size-full is-resized\"><a href=\"https:\/\/queverenelmundo.com\/que-ver-en-espana\/provincia-de-leon\/guia-de-leon\/historia-de-leon\/\"><img loading=\"lazy\" decoding=\"async\" src=\"https:\/\/clickturismo.es\/wp-content\/uploads\/2022\/02\/Imagen1.png\" alt=\"\" class=\"wp-image-87\" width=\"1239\" height=\"184\" srcset=\"https:\/\/clickturismo.es\/wp-content\/uploads\/2022\/02\/Imagen1.png 806w, https:\/\/clickturismo.es\/wp-content\/uploads\/2022\/02\/Imagen1-300x45.png 300w, https:\/\/clickturismo.es\/wp-content\/uploads\/2022\/02\/Imagen1-768x114.png 768w, https:\/\/clickturismo.es\/wp-content\/uploads\/2022\/02\/Imagen1-389x58.png 389w, https:\/\/clickturismo.es\/wp-content\/uploads\/2022\/02\/Imagen1-800x120.png 800w\" sizes=\"auto, (max-width: 1239px) 100vw, 1239px\" \/><\/a><\/figure>\n\n\n\n<figure class=\"wp-block-image size-full is-resized\"><a href=\"https:\/\/www.viajaporlibre.com\/espana\/castilla-y-leon\/10-lugares-clave-que-ver-en-leon-ciudad\"><img loading=\"lazy\" decoding=\"async\" src=\"https:\/\/clickturismo.es\/wp-content\/uploads\/2022\/02\/Imagen2.png\" alt=\"\" class=\"wp-image-88\" width=\"1239\" height=\"184\" srcset=\"https:\/\/clickturismo.es\/wp-content\/uploads\/2022\/02\/Imagen2.png 805w, https:\/\/clickturismo.es\/wp-content\/uploads\/2022\/02\/Imagen2-300x45.png 300w, https:\/\/clickturismo.es\/wp-content\/uploads\/2022\/02\/Imagen2-768x114.png 768w, https:\/\/clickturismo.es\/wp-content\/uploads\/2022\/02\/Imagen2-389x58.png 389w, https:\/\/clickturismo.es\/wp-content\/uploads\/2022\/02\/Imagen2-800x120.png 800w\" sizes=\"auto, (max-width: 1239px) 100vw, 1239px\" \/><\/a><\/figure>\n\n\n\n<figure class=\"wp-block-image size-full is-resized\"><a href=\"https:\/\/www.viajaporlibre.com\/espana\/castilla-y-leon\/10-lugares-clave-que-ver-en-leon-ciudad\"><img loading=\"lazy\" decoding=\"async\" src=\"https:\/\/clickturismo.es\/wp-content\/uploads\/2022\/02\/Imagen3.png\" alt=\"\" class=\"wp-image-89\" width=\"1239\" height=\"181\" srcset=\"https:\/\/clickturismo.es\/wp-content\/uploads\/2022\/02\/Imagen3.png 805w, https:\/\/clickturismo.es\/wp-content\/uploads\/2022\/02\/Imagen3-300x44.png 300w, https:\/\/clickturismo.es\/wp-content\/uploads\/2022\/02\/Imagen3-768x113.png 768w, https:\/\/clickturismo.es\/wp-content\/uploads\/2022\/02\/Imagen3-389x57.png 389w, https:\/\/clickturismo.es\/wp-content\/uploads\/2022\/02\/Imagen3-800x118.png 800w\" sizes=\"auto, (max-width: 1239px) 100vw, 1239px\" \/><\/a><\/figure>\n\n\n\n<figure class=\"wp-block-image size-full is-resized\"><a href=\"https:\/\/leon.es\/fiestas-y-ferias\/\"><img loading=\"lazy\" decoding=\"async\" src=\"https:\/\/clickturismo.es\/wp-content\/uploads\/2022\/02\/Imagen4.png\" alt=\"\" class=\"wp-image-90\" width=\"1238\" height=\"181\" srcset=\"https:\/\/clickturismo.es\/wp-content\/uploads\/2022\/02\/Imagen4.png 805w, https:\/\/clickturismo.es\/wp-content\/uploads\/2022\/02\/Imagen4-300x44.png 300w, https:\/\/clickturismo.es\/wp-content\/uploads\/2022\/02\/Imagen4-768x113.png 768w, https:\/\/clickturismo.es\/wp-content\/uploads\/2022\/02\/Imagen4-389x57.png 389w, https:\/\/clickturismo.es\/wp-content\/uploads\/2022\/02\/Imagen4-800x118.png 800w\" sizes=\"auto, (max-width: 1238px) 100vw, 1238px\" \/><\/a><\/figure>\n\n\n\n<figure class=\"wp-block-image size-full is-resized\"><a href=\"https:\/\/www.tripadvisor.es\/Restaurants-g187492-Leon_Province_of_Leon_Castile_and_Leon.html\"><img loading=\"lazy\" decoding=\"async\" src=\"https:\/\/clickturismo.es\/wp-content\/uploads\/2022\/02\/Imagen5.png\" alt=\"\" class=\"wp-image-91\" width=\"1240\" height=\"183\" srcset=\"https:\/\/clickturismo.es\/wp-content\/uploads\/2022\/02\/Imagen5.png 805w, https:\/\/clickturismo.es\/wp-content\/uploads\/2022\/02\/Imagen5-300x44.png 300w, https:\/\/clickturismo.es\/wp-content\/uploads\/2022\/02\/Imagen5-768x114.png 768w, https:\/\/clickturismo.es\/wp-content\/uploads\/2022\/02\/Imagen5-389x58.png 389w, https:\/\/clickturismo.es\/wp-content\/uploads\/2022\/02\/Imagen5-800x119.png 800w\" sizes=\"auto, (max-width: 1240px) 100vw, 1240px\" \/><\/a><\/figure>\n\n\n\n<figure class=\"wp-block-image size-full is-resized\"><a href=\"https:\/\/imanesdeviaje.com\/mejores-bares-donde-ir-de-tapas-leon\/\"><img loading=\"lazy\" decoding=\"async\" src=\"https:\/\/clickturismo.es\/wp-content\/uploads\/2022\/02\/Imagen6.png\" alt=\"\" class=\"wp-image-92\" width=\"1239\" height=\"186\" srcset=\"https:\/\/clickturismo.es\/wp-content\/uploads\/2022\/02\/Imagen6.png 804w, https:\/\/clickturismo.es\/wp-content\/uploads\/2022\/02\/Imagen6-300x45.png 300w, https:\/\/clickturismo.es\/wp-content\/uploads\/2022\/02\/Imagen6-768x115.png 768w, https:\/\/clickturismo.es\/wp-content\/uploads\/2022\/02\/Imagen6-389x58.png 389w, https:\/\/clickturismo.es\/wp-content\/uploads\/2022\/02\/Imagen6-800x120.png 800w\" sizes=\"auto, (max-width: 1239px) 100vw, 1239px\" \/><\/a><\/figure>\n\n\n\n<figure class=\"wp-block-image size-full is-resized\"><a href=\"https:\/\/www.visitaleon.com\/vida-nocturna-leon\"><img loading=\"lazy\" decoding=\"async\" src=\"https:\/\/clickturismo.es\/wp-content\/uploads\/2022\/02\/Imagen7.png\" alt=\"\" class=\"wp-image-93\" width=\"1239\" height=\"184\" srcset=\"https:\/\/clickturismo.es\/wp-content\/uploads\/2022\/02\/Imagen7.png 806w, https:\/\/clickturismo.es\/wp-content\/uploads\/2022\/02\/Imagen7-300x45.png 300w, https:\/\/clickturismo.es\/wp-content\/uploads\/2022\/02\/Imagen7-768x114.png 768w, https:\/\/clickturismo.es\/wp-content\/uploads\/2022\/02\/Imagen7-389x58.png 389w, https:\/\/clickturismo.es\/wp-content\/uploads\/2022\/02\/Imagen7-800x120.png 800w\" sizes=\"auto, (max-width: 1239px) 100vw, 1239px\" \/><\/a><\/figure>\n\n\n\n<figure class=\"wp-block-image size-full is-resized\"><a href=\"https:\/\/www.booking.com\/city\/es\/leon.es.html\"><img loading=\"lazy\" decoding=\"async\" src=\"https:\/\/clickturismo.es\/wp-content\/uploads\/2022\/02\/Imagen8.png\" alt=\"\" class=\"wp-image-94\" width=\"1240\" height=\"184\" srcset=\"https:\/\/clickturismo.es\/wp-content\/uploads\/2022\/02\/Imagen8.png 806w, https:\/\/clickturismo.es\/wp-content\/uploads\/2022\/02\/Imagen8-300x45.png 300w, https:\/\/clickturismo.es\/wp-content\/uploads\/2022\/02\/Imagen8-768x114.png 768w, https:\/\/clickturismo.es\/wp-content\/uploads\/2022\/02\/Imagen8-389x58.png 389w, https:\/\/clickturismo.es\/wp-content\/uploads\/2022\/02\/Imagen8-800x120.png 800w\" sizes=\"auto, (max-width: 1240px) 100vw, 1240px\" \/><\/a><\/figure>\n\n\n\n<figure class=\"wp-block-image size-full is-resized\"><a href=\"https:\/\/www.visitaleon.com\/compras-leon\"><img loading=\"lazy\" decoding=\"async\" src=\"https:\/\/clickturismo.es\/wp-content\/uploads\/2022\/02\/Imagen9.png\" alt=\"\" class=\"wp-image-95\" width=\"1239\" height=\"184\" srcset=\"https:\/\/clickturismo.es\/wp-content\/uploads\/2022\/02\/Imagen9.png 806w, https:\/\/clickturismo.es\/wp-content\/uploads\/2022\/02\/Imagen9-300x45.png 300w, https:\/\/clickturismo.es\/wp-content\/uploads\/2022\/02\/Imagen9-768x114.png 768w, https:\/\/clickturismo.es\/wp-content\/uploads\/2022\/02\/Imagen9-389x58.png 389w, https:\/\/clickturismo.es\/wp-content\/uploads\/2022\/02\/Imagen9-800x120.png 800w\" sizes=\"auto, (max-width: 1239px) 100vw, 1239px\" \/><\/a><\/figure>\n\n\n\n<figure class=\"wp-block-image size-full is-resized\"><a href=\"https:\/\/es.wikiloc.com\/wikiloc\/user.do?id=153384\"><img loading=\"lazy\" decoding=\"async\" src=\"https:\/\/clickturismo.es\/wp-content\/uploads\/2022\/02\/Imagen10.png\" alt=\"\" class=\"wp-image-96\" width=\"1240\" height=\"183\" srcset=\"https:\/\/clickturismo.es\/wp-content\/uploads\/2022\/02\/Imagen10.png 806w, https:\/\/clickturismo.es\/wp-content\/uploads\/2022\/02\/Imagen10-300x44.png 300w, https:\/\/clickturismo.es\/wp-content\/uploads\/2022\/02\/Imagen10-768x113.png 768w, https:\/\/clickturismo.es\/wp-content\/uploads\/2022\/02\/Imagen10-389x57.png 389w, https:\/\/clickturismo.es\/wp-content\/uploads\/2022\/02\/Imagen10-800x119.png 800w\" sizes=\"auto, (max-width: 1240px) 100vw, 1240px\" \/><\/a><\/figure>\n\n\n\n<hr class=\"wp-block-separator\"\/>\n","protected":false},"excerpt":{"rendered":"<p>Le\u00f3n es hoy un ejemplo de ciudad hist\u00f3rica que ha sabido adaptarse a los tiempos modernos. Capital de provincia luminosa y abierta, recibe anualmente a &hellip;<\/p>\n","protected":false},"author":1,"featured_media":231,"parent":0,"menu_order":0,"comment_status":"closed","ping_status":"closed","template":"","meta":{"_monsterinsights_skip_tracking":false,"_monsterinsights_sitenote_active":false,"_monsterinsights_sitenote_note":"","_monsterinsights_sitenote_category":0,"footnotes":""},"class_list":["post-28","page","type-page","status-publish","has-post-thumbnail","hentry"],"_links":{"self":[{"href":"https:\/\/clickturismo.es\/index.php\/wp-json\/wp\/v2\/pages\/28","targetHints":{"allow":["GET"]}}],"collection":[{"href":"https:\/\/clickturismo.es\/index.php\/wp-json\/wp\/v2\/pages"}],"about":[{"href":"https:\/\/clickturismo.es\/index.php\/wp-json\/wp\/v2\/types\/page"}],"author":[{"embeddable":true,"href":"https:\/\/clickturismo.es\/index.php\/wp-json\/wp\/v2\/users\/1"}],"replies":[{"embeddable":true,"href":"https:\/\/clickturismo.es\/index.php\/wp-json\/wp\/v2\/comments?post=28"}],"version-history":[{"count":3,"href":"https:\/\/clickturismo.es\/index.php\/wp-json\/wp\/v2\/pages\/28\/revisions"}],"predecessor-version":[{"id":247,"href":"https:\/\/clickturismo.es\/index.php\/wp-json\/wp\/v2\/pages\/28\/revisions\/247"}],"wp:featuredmedia":[{"embeddable":true,"href":"https:\/\/clickturismo.es\/index.php\/wp-json\/wp\/v2\/media\/231"}],"wp:attachment":[{"href":"https:\/\/clickturismo.es\/index.php\/wp-json\/wp\/v2\/media?parent=28"}],"curies":[{"name":"wp","href":"https:\/\/api.w.org\/{rel}","templated":true}]}}