{"id":27,"date":"2022-02-18T22:43:34","date_gmt":"2022-02-18T22:43:34","guid":{"rendered":"https:\/\/clickturismo.es\/?page_id=27"},"modified":"2022-03-17T20:53:47","modified_gmt":"2022-03-17T20:53:47","slug":"burgos","status":"publish","type":"page","link":"https:\/\/clickturismo.es\/index.php\/burgos\/","title":{"rendered":"Burgos"},"content":{"rendered":"\n<hr class=\"wp-block-separator\"\/>\n\n\n\n<h2 class=\"wp-block-heading\" id=\"burgos-capital\">BURGOS CAPITAL<\/h2>\n\n\n\n<hr class=\"wp-block-separator\"\/>\n\n\n\n<p><strong>Merece la pena visitar Burgos, pasear por sus elegantes calles, paseos y zonas verdes, Burgos combina historia y modernidad.<br>Es obligado contemplar su catedral g\u00f3tica Patrimonio de la Humanidad, visitar el Museo de la Evoluci\u00f3n Humana<br>y los yacimientos de Atapuerca, a apenas 10 kms de la capital,<br>que cada d\u00eda nos sorprenden con nuevos hallazgos que permiten descifrar los or\u00edgenes de la especie humana.<br>Es imprescindible disfrutar de su gastronom\u00eda, cada vez m\u00e1s reconocida a nivel nacional e internacional<br>y de sus vinos, tanto de la<br>D.O Ribera del Duero como Arlanza.<\/strong><\/p>\n\n\n\n<hr class=\"wp-block-separator\"\/>\n\n\n\n<figure class=\"wp-block-image size-full is-resized\"><img loading=\"lazy\" decoding=\"async\" src=\"https:\/\/clickturismo.es\/wp-content\/uploads\/2022\/02\/arco-santa-maria-burgos-2-jpg.jpg\" alt=\"\" class=\"wp-image-148\" width=\"1240\" height=\"819\" srcset=\"https:\/\/clickturismo.es\/wp-content\/uploads\/2022\/02\/arco-santa-maria-burgos-2-jpg.jpg 1024w, https:\/\/clickturismo.es\/wp-content\/uploads\/2022\/02\/arco-santa-maria-burgos-2-jpg-300x198.jpg 300w, https:\/\/clickturismo.es\/wp-content\/uploads\/2022\/02\/arco-santa-maria-burgos-2-jpg-768x507.jpg 768w, https:\/\/clickturismo.es\/wp-content\/uploads\/2022\/02\/arco-santa-maria-burgos-2-jpg-389x257.jpg 389w\" sizes=\"auto, (max-width: 1240px) 100vw, 1240px\" \/><figcaption>Arco de Santa Mar\u00eda<\/figcaption><\/figure>\n\n\n\n<figure class=\"wp-block-image size-full is-resized\"><a href=\"http:\/\/turismoburgos.digital\/index.php\/historia\/\"><img loading=\"lazy\" decoding=\"async\" src=\"https:\/\/clickturismo.es\/wp-content\/uploads\/2022\/02\/Imagen1-2.png\" alt=\"\" class=\"wp-image-149\" width=\"1240\" height=\"182\" srcset=\"https:\/\/clickturismo.es\/wp-content\/uploads\/2022\/02\/Imagen1-2.png 806w, https:\/\/clickturismo.es\/wp-content\/uploads\/2022\/02\/Imagen1-2-300x44.png 300w, https:\/\/clickturismo.es\/wp-content\/uploads\/2022\/02\/Imagen1-2-768x112.png 768w, https:\/\/clickturismo.es\/wp-content\/uploads\/2022\/02\/Imagen1-2-389x57.png 389w, https:\/\/clickturismo.es\/wp-content\/uploads\/2022\/02\/Imagen1-2-800x118.png 800w\" sizes=\"auto, (max-width: 1240px) 100vw, 1240px\" \/><\/a><\/figure>\n\n\n\n<figure class=\"wp-block-image size-full is-resized\"><a href=\"http:\/\/turismoburgos.digital\/index.php\/monumentos\/\"><img loading=\"lazy\" decoding=\"async\" src=\"https:\/\/clickturismo.es\/wp-content\/uploads\/2022\/02\/Imagen2-2.png\" alt=\"\" class=\"wp-image-150\" width=\"1241\" height=\"185\" srcset=\"https:\/\/clickturismo.es\/wp-content\/uploads\/2022\/02\/Imagen2-2.png 805w, https:\/\/clickturismo.es\/wp-content\/uploads\/2022\/02\/Imagen2-2-300x45.png 300w, https:\/\/clickturismo.es\/wp-content\/uploads\/2022\/02\/Imagen2-2-768x114.png 768w, https:\/\/clickturismo.es\/wp-content\/uploads\/2022\/02\/Imagen2-2-389x58.png 389w, https:\/\/clickturismo.es\/wp-content\/uploads\/2022\/02\/Imagen2-2-800x120.png 800w\" sizes=\"auto, (max-width: 1241px) 100vw, 1241px\" \/><\/a><\/figure>\n\n\n\n<figure class=\"wp-block-image size-full is-resized\"><a href=\"http:\/\/turismoburgos.digital\/index.php\/lugares-de-interes\/\"><img loading=\"lazy\" decoding=\"async\" src=\"https:\/\/clickturismo.es\/wp-content\/uploads\/2022\/02\/Imagen3-2.png\" alt=\"\" class=\"wp-image-151\" width=\"1241\" height=\"185\" srcset=\"https:\/\/clickturismo.es\/wp-content\/uploads\/2022\/02\/Imagen3-2.png 805w, https:\/\/clickturismo.es\/wp-content\/uploads\/2022\/02\/Imagen3-2-300x45.png 300w, https:\/\/clickturismo.es\/wp-content\/uploads\/2022\/02\/Imagen3-2-768x114.png 768w, https:\/\/clickturismo.es\/wp-content\/uploads\/2022\/02\/Imagen3-2-389x58.png 389w, https:\/\/clickturismo.es\/wp-content\/uploads\/2022\/02\/Imagen3-2-800x120.png 800w\" sizes=\"auto, (max-width: 1241px) 100vw, 1241px\" \/><\/a><\/figure>\n\n\n\n<figure class=\"wp-block-image size-full is-resized\"><a href=\"http:\/\/turismoburgos.digital\/index.php\/fiestas\/\"><img loading=\"lazy\" decoding=\"async\" src=\"https:\/\/clickturismo.es\/wp-content\/uploads\/2022\/02\/Imagen4-2.png\" alt=\"\" class=\"wp-image-152\" width=\"1240\" height=\"185\" srcset=\"https:\/\/clickturismo.es\/wp-content\/uploads\/2022\/02\/Imagen4-2.png 805w, https:\/\/clickturismo.es\/wp-content\/uploads\/2022\/02\/Imagen4-2-300x45.png 300w, https:\/\/clickturismo.es\/wp-content\/uploads\/2022\/02\/Imagen4-2-768x114.png 768w, https:\/\/clickturismo.es\/wp-content\/uploads\/2022\/02\/Imagen4-2-389x58.png 389w, https:\/\/clickturismo.es\/wp-content\/uploads\/2022\/02\/Imagen4-2-800x120.png 800w\" sizes=\"auto, (max-width: 1240px) 100vw, 1240px\" \/><\/a><\/figure>\n\n\n\n<figure class=\"wp-block-image size-full is-resized\"><a href=\"http:\/\/mesaymantel.digital\/index.php\/restaurantes-burgos\/\"><img loading=\"lazy\" decoding=\"async\" src=\"https:\/\/clickturismo.es\/wp-content\/uploads\/2022\/02\/Imagen5-2.png\" alt=\"\" class=\"wp-image-153\" width=\"1241\" height=\"185\" srcset=\"https:\/\/clickturismo.es\/wp-content\/uploads\/2022\/02\/Imagen5-2.png 805w, https:\/\/clickturismo.es\/wp-content\/uploads\/2022\/02\/Imagen5-2-300x45.png 300w, https:\/\/clickturismo.es\/wp-content\/uploads\/2022\/02\/Imagen5-2-768x114.png 768w, https:\/\/clickturismo.es\/wp-content\/uploads\/2022\/02\/Imagen5-2-389x58.png 389w, https:\/\/clickturismo.es\/wp-content\/uploads\/2022\/02\/Imagen5-2-800x120.png 800w\" sizes=\"auto, (max-width: 1241px) 100vw, 1241px\" \/><\/a><\/figure>\n\n\n\n<figure class=\"wp-block-image size-full is-resized\"><a href=\"http:\/\/mesaymantel.digital\/index.php\/restaurantes-burgos\/\"><img loading=\"lazy\" decoding=\"async\" src=\"https:\/\/clickturismo.es\/wp-content\/uploads\/2022\/02\/Imagen6-3.png\" alt=\"\" class=\"wp-image-154\" width=\"1240\" height=\"185\" srcset=\"https:\/\/clickturismo.es\/wp-content\/uploads\/2022\/02\/Imagen6-3.png 805w, https:\/\/clickturismo.es\/wp-content\/uploads\/2022\/02\/Imagen6-3-300x45.png 300w, https:\/\/clickturismo.es\/wp-content\/uploads\/2022\/02\/Imagen6-3-768x114.png 768w, https:\/\/clickturismo.es\/wp-content\/uploads\/2022\/02\/Imagen6-3-389x58.png 389w, https:\/\/clickturismo.es\/wp-content\/uploads\/2022\/02\/Imagen6-3-800x120.png 800w\" sizes=\"auto, (max-width: 1240px) 100vw, 1240px\" \/><\/a><\/figure>\n\n\n\n<figure class=\"wp-block-image size-full is-resized\"><a href=\"https:\/\/clickturismo.es\/decopasburgos\/\"><img loading=\"lazy\" decoding=\"async\" src=\"https:\/\/clickturismo.es\/wp-content\/uploads\/2022\/02\/Imagen7-3.png\" alt=\"\" class=\"wp-image-155\" width=\"1240\" height=\"184\" srcset=\"https:\/\/clickturismo.es\/wp-content\/uploads\/2022\/02\/Imagen7-3.png 806w, https:\/\/clickturismo.es\/wp-content\/uploads\/2022\/02\/Imagen7-3-300x45.png 300w, https:\/\/clickturismo.es\/wp-content\/uploads\/2022\/02\/Imagen7-3-768x114.png 768w, https:\/\/clickturismo.es\/wp-content\/uploads\/2022\/02\/Imagen7-3-389x58.png 389w, https:\/\/clickturismo.es\/wp-content\/uploads\/2022\/02\/Imagen7-3-800x120.png 800w\" sizes=\"auto, (max-width: 1240px) 100vw, 1240px\" \/><\/a><\/figure>\n\n\n\n<figure class=\"wp-block-image size-full is-resized\"><a href=\"http:\/\/turismoburgos.digital\/index.php\/hoteles\/\"><img loading=\"lazy\" decoding=\"async\" src=\"https:\/\/clickturismo.es\/wp-content\/uploads\/2022\/02\/Imagen8-2.png\" alt=\"\" class=\"wp-image-156\" width=\"1240\" height=\"185\" srcset=\"https:\/\/clickturismo.es\/wp-content\/uploads\/2022\/02\/Imagen8-2.png 806w, https:\/\/clickturismo.es\/wp-content\/uploads\/2022\/02\/Imagen8-2-300x45.png 300w, https:\/\/clickturismo.es\/wp-content\/uploads\/2022\/02\/Imagen8-2-768x114.png 768w, https:\/\/clickturismo.es\/wp-content\/uploads\/2022\/02\/Imagen8-2-389x58.png 389w, https:\/\/clickturismo.es\/wp-content\/uploads\/2022\/02\/Imagen8-2-800x120.png 800w\" sizes=\"auto, (max-width: 1240px) 100vw, 1240px\" \/><\/a><\/figure>\n\n\n\n<figure class=\"wp-block-image size-full is-resized\"><a href=\"http:\/\/turismoburgos.digital\/index.php\/senderismo\/\"><img loading=\"lazy\" decoding=\"async\" src=\"https:\/\/clickturismo.es\/wp-content\/uploads\/2022\/02\/Imagen9-3.png\" alt=\"\" class=\"wp-image-157\" width=\"1239\" height=\"183\" srcset=\"https:\/\/clickturismo.es\/wp-content\/uploads\/2022\/02\/Imagen9-3.png 806w, https:\/\/clickturismo.es\/wp-content\/uploads\/2022\/02\/Imagen9-3-300x44.png 300w, https:\/\/clickturismo.es\/wp-content\/uploads\/2022\/02\/Imagen9-3-768x113.png 768w, https:\/\/clickturismo.es\/wp-content\/uploads\/2022\/02\/Imagen9-3-389x57.png 389w, https:\/\/clickturismo.es\/wp-content\/uploads\/2022\/02\/Imagen9-3-800x119.png 800w\" sizes=\"auto, (max-width: 1239px) 100vw, 1239px\" \/><\/a><\/figure>\n\n\n\n<hr class=\"wp-block-separator\"\/>\n\n\n\n<hr class=\"wp-block-separator\"\/>\n\n\n\n<hr class=\"wp-block-separator\"\/>\n\n\n\n<h2 class=\"wp-block-heading\" id=\"burgos-provincia\">BURGOS PROVINCIA<\/h2>\n\n\n\n<hr class=\"wp-block-separator\"\/>\n\n\n\n<p><strong>Aqu\u00ed te mostramos los pueblos de Burgos con encanto que tienes que visitar si est\u00e1s pensando en hacer turismo por esta provincia de Castilla y Le\u00f3n, y es que vale la pena visitar estas atractivas localidades, muchas de ellas situadas muy cerca de Burgos capital.<\/strong><\/p>\n\n\n\n<p><strong>Descubre los pueblos m\u00e1s bonitos de Burgos que puedes visitar, todos ellos poseedores de un gran patrimonio hist\u00f3rico y arquitect\u00f3nico y rodeados de un entorno natural de una gran belleza para el turista.<\/strong><\/p>\n\n\n\n<hr class=\"wp-block-separator\"\/>\n\n\n\n<figure class=\"wp-block-image size-large is-resized\"><img loading=\"lazy\" decoding=\"async\" src=\"https:\/\/clickturismo.es\/wp-content\/uploads\/2022\/02\/Orbaneja_del_Castillo._Caida_de_la_cascada_en_el_Ebro-1024x682.jpg\" alt=\"\" class=\"wp-image-163\" width=\"1241\" height=\"827\" srcset=\"https:\/\/clickturismo.es\/wp-content\/uploads\/2022\/02\/Orbaneja_del_Castillo._Caida_de_la_cascada_en_el_Ebro-1024x682.jpg 1024w, https:\/\/clickturismo.es\/wp-content\/uploads\/2022\/02\/Orbaneja_del_Castillo._Caida_de_la_cascada_en_el_Ebro-300x200.jpg 300w, https:\/\/clickturismo.es\/wp-content\/uploads\/2022\/02\/Orbaneja_del_Castillo._Caida_de_la_cascada_en_el_Ebro-768x512.jpg 768w, https:\/\/clickturismo.es\/wp-content\/uploads\/2022\/02\/Orbaneja_del_Castillo._Caida_de_la_cascada_en_el_Ebro-389x259.jpg 389w, https:\/\/clickturismo.es\/wp-content\/uploads\/2022\/02\/Orbaneja_del_Castillo._Caida_de_la_cascada_en_el_Ebro.jpg 1280w\" sizes=\"auto, (max-width: 1241px) 100vw, 1241px\" \/><figcaption>Orbaneja del Castillo<\/figcaption><\/figure>\n\n\n\n<hr class=\"wp-block-separator\"\/>\n\n\n\n<figure class=\"wp-block-image size-full is-resized\"><a href=\"http:\/\/turismoburgos.digital\/index.php\/localidades\/\"><img loading=\"lazy\" decoding=\"async\" src=\"https:\/\/clickturismo.es\/wp-content\/uploads\/2022\/02\/Imagen10-2.png\" alt=\"\" class=\"wp-image-158\" width=\"1240\" height=\"189\" srcset=\"https:\/\/clickturismo.es\/wp-content\/uploads\/2022\/02\/Imagen10-2.png 805w, https:\/\/clickturismo.es\/wp-content\/uploads\/2022\/02\/Imagen10-2-300x46.png 300w, https:\/\/clickturismo.es\/wp-content\/uploads\/2022\/02\/Imagen10-2-768x117.png 768w, https:\/\/clickturismo.es\/wp-content\/uploads\/2022\/02\/Imagen10-2-389x59.png 389w, https:\/\/clickturismo.es\/wp-content\/uploads\/2022\/02\/Imagen10-2-800x123.png 800w\" sizes=\"auto, (max-width: 1240px) 100vw, 1240px\" \/><\/a><\/figure>\n\n\n\n<figure class=\"wp-block-image size-full is-resized\"><a href=\"http:\/\/turismoburgos.digital\/index.php\/rutas\/\"><img loading=\"lazy\" decoding=\"async\" src=\"https:\/\/clickturismo.es\/wp-content\/uploads\/2022\/02\/Imagen11.png\" alt=\"\" class=\"wp-image-159\" width=\"1239\" height=\"184\" srcset=\"https:\/\/clickturismo.es\/wp-content\/uploads\/2022\/02\/Imagen11.png 806w, https:\/\/clickturismo.es\/wp-content\/uploads\/2022\/02\/Imagen11-300x45.png 300w, https:\/\/clickturismo.es\/wp-content\/uploads\/2022\/02\/Imagen11-768x114.png 768w, https:\/\/clickturismo.es\/wp-content\/uploads\/2022\/02\/Imagen11-389x58.png 389w, https:\/\/clickturismo.es\/wp-content\/uploads\/2022\/02\/Imagen11-800x120.png 800w\" sizes=\"auto, (max-width: 1239px) 100vw, 1239px\" \/><\/a><\/figure>\n\n\n\n<figure class=\"wp-block-image size-full is-resized\"><a href=\"http:\/\/turismoburgos.digital\/index.php\/enoturismo\/\"><img loading=\"lazy\" decoding=\"async\" src=\"https:\/\/clickturismo.es\/wp-content\/uploads\/2022\/02\/Imagen12.png\" alt=\"\" class=\"wp-image-160\" width=\"1240\" height=\"183\" srcset=\"https:\/\/clickturismo.es\/wp-content\/uploads\/2022\/02\/Imagen12.png 806w, https:\/\/clickturismo.es\/wp-content\/uploads\/2022\/02\/Imagen12-300x44.png 300w, https:\/\/clickturismo.es\/wp-content\/uploads\/2022\/02\/Imagen12-768x113.png 768w, https:\/\/clickturismo.es\/wp-content\/uploads\/2022\/02\/Imagen12-389x57.png 389w, https:\/\/clickturismo.es\/wp-content\/uploads\/2022\/02\/Imagen12-800x119.png 800w\" sizes=\"auto, (max-width: 1240px) 100vw, 1240px\" \/><\/a><\/figure>\n\n\n\n<figure class=\"wp-block-image size-full is-resized\"><a href=\"http:\/\/turismoburgos.digital\/index.php\/historia-2\/\"><img loading=\"lazy\" decoding=\"async\" src=\"https:\/\/clickturismo.es\/wp-content\/uploads\/2022\/02\/Imagen13.png\" alt=\"\" class=\"wp-image-161\" width=\"1241\" height=\"185\" srcset=\"https:\/\/clickturismo.es\/wp-content\/uploads\/2022\/02\/Imagen13.png 805w, https:\/\/clickturismo.es\/wp-content\/uploads\/2022\/02\/Imagen13-300x45.png 300w, https:\/\/clickturismo.es\/wp-content\/uploads\/2022\/02\/Imagen13-768x114.png 768w, https:\/\/clickturismo.es\/wp-content\/uploads\/2022\/02\/Imagen13-389x58.png 389w, https:\/\/clickturismo.es\/wp-content\/uploads\/2022\/02\/Imagen13-800x120.png 800w\" sizes=\"auto, (max-width: 1241px) 100vw, 1241px\" \/><\/a><\/figure>\n\n\n\n<figure class=\"wp-block-image size-full is-resized\"><a href=\"http:\/\/turismoburgos.digital\/index.php\/gastronomia\/\"><img loading=\"lazy\" decoding=\"async\" src=\"https:\/\/clickturismo.es\/wp-content\/uploads\/2022\/02\/Imagen14.png\" alt=\"\" class=\"wp-image-162\" width=\"1239\" height=\"184\" srcset=\"https:\/\/clickturismo.es\/wp-content\/uploads\/2022\/02\/Imagen14.png 806w, https:\/\/clickturismo.es\/wp-content\/uploads\/2022\/02\/Imagen14-300x45.png 300w, https:\/\/clickturismo.es\/wp-content\/uploads\/2022\/02\/Imagen14-768x114.png 768w, https:\/\/clickturismo.es\/wp-content\/uploads\/2022\/02\/Imagen14-389x58.png 389w, https:\/\/clickturismo.es\/wp-content\/uploads\/2022\/02\/Imagen14-800x120.png 800w\" sizes=\"auto, (max-width: 1239px) 100vw, 1239px\" \/><\/a><\/figure>\n\n\n\n<hr class=\"wp-block-separator\"\/>\n\n\n\n<hr class=\"wp-block-separator\"\/>\n","protected":false},"excerpt":{"rendered":"<p>BURGOS CAPITAL Merece la pena visitar Burgos, pasear por sus elegantes calles, paseos y zonas verdes, Burgos combina historia y modernidad.Es obligado contemplar su catedral &hellip;<\/p>\n","protected":false},"author":1,"featured_media":230,"parent":0,"menu_order":0,"comment_status":"closed","ping_status":"closed","template":"","meta":{"_monsterinsights_skip_tracking":false,"_monsterinsights_sitenote_active":false,"_monsterinsights_sitenote_note":"","_monsterinsights_sitenote_category":0,"footnotes":""},"class_list":["post-27","page","type-page","status-publish","has-post-thumbnail","hentry"],"_links":{"self":[{"href":"https:\/\/clickturismo.es\/index.php\/wp-json\/wp\/v2\/pages\/27","targetHints":{"allow":["GET"]}}],"collection":[{"href":"https:\/\/clickturismo.es\/index.php\/wp-json\/wp\/v2\/pages"}],"about":[{"href":"https:\/\/clickturismo.es\/index.php\/wp-json\/wp\/v2\/types\/page"}],"author":[{"embeddable":true,"href":"https:\/\/clickturismo.es\/index.php\/wp-json\/wp\/v2\/users\/1"}],"replies":[{"embeddable":true,"href":"https:\/\/clickturismo.es\/index.php\/wp-json\/wp\/v2\/comments?post=27"}],"version-history":[{"count":5,"href":"https:\/\/clickturismo.es\/index.php\/wp-json\/wp\/v2\/pages\/27\/revisions"}],"predecessor-version":[{"id":248,"href":"https:\/\/clickturismo.es\/index.php\/wp-json\/wp\/v2\/pages\/27\/revisions\/248"}],"wp:featuredmedia":[{"embeddable":true,"href":"https:\/\/clickturismo.es\/index.php\/wp-json\/wp\/v2\/media\/230"}],"wp:attachment":[{"href":"https:\/\/clickturismo.es\/index.php\/wp-json\/wp\/v2\/media?parent=27"}],"curies":[{"name":"wp","href":"https:\/\/api.w.org\/{rel}","templated":true}]}}