{"id":2,"date":"2022-02-18T22:22:15","date_gmt":"2022-02-18T22:22:15","guid":{"rendered":"https:\/\/clickturismo.es\/?page_id=2"},"modified":"2022-03-17T20:50:21","modified_gmt":"2022-03-17T20:50:21","slug":"pagina-ejemplo","status":"publish","type":"page","link":"https:\/\/clickturismo.es\/index.php\/pagina-ejemplo\/","title":{"rendered":"CASTILLA y LE\u00d3N"},"content":{"rendered":"\n<hr class=\"wp-block-separator\"\/>\n\n\n\n<p><strong>Ancha es Castilla.<\/strong><br><strong>De norte a sur, de este a oeste, recorremos esta comunidad aut\u00f3noma para ense\u00f1aros los lugares m\u00e1s bonitos que ver en Castilla y Le\u00f3n.<\/strong> <strong>Con nueve provincias, es la m\u00e1s extensa de las comunidades aut\u00f3nomas de Espa\u00f1a y la sexta m\u00e1s poblada.<\/strong><br><strong>Pueblos que parecen haberse anclado en el tiempo,<\/strong> <strong>rodeados de naturaleza y ricos en monumentos,<\/strong> <strong>museos e iglesias, <\/strong><strong>junto a una variada y exquisita gastronom\u00eda,<\/strong> <strong>hacen de ella una escapada \u00fanica en cualquier \u00e9poca del a\u00f1o.<\/strong><\/p>\n\n\n\n<hr class=\"wp-block-separator\"\/>\n\n\n\n<figure class=\"wp-block-embed is-type-video is-provider-youtube wp-block-embed-youtube wp-embed-aspect-16-9 wp-has-aspect-ratio\"><div class=\"wp-block-embed__wrapper\">\n<iframe loading=\"lazy\" title=\"Vive Castilla y Le\u00f3n. \u00a1Castilla y Le\u00f3n es Vida!\" width=\"1032\" height=\"581\" src=\"https:\/\/www.youtube.com\/embed\/iX9ktyvtWV4?feature=oembed\" frameborder=\"0\" allow=\"accelerometer; autoplay; clipboard-write; encrypted-media; gyroscope; picture-in-picture\" allowfullscreen><\/iframe>\n<\/div><\/figure>\n\n\n\n<hr class=\"wp-block-separator\"\/>\n\n\n\n<figure class=\"wp-block-image size-full is-resized is-style-default\"><a href=\"https:\/\/clickturismo.es\/index.php\/avila\/\"><img loading=\"lazy\" decoding=\"async\" src=\"https:\/\/clickturismo.es\/wp-content\/uploads\/2022\/02\/Imagen21.png\" alt=\"\" class=\"wp-image-13\" width=\"921\" height=\"140\" srcset=\"https:\/\/clickturismo.es\/wp-content\/uploads\/2022\/02\/Imagen21.png 804w, https:\/\/clickturismo.es\/wp-content\/uploads\/2022\/02\/Imagen21-300x46.png 300w, https:\/\/clickturismo.es\/wp-content\/uploads\/2022\/02\/Imagen21-768x117.png 768w, https:\/\/clickturismo.es\/wp-content\/uploads\/2022\/02\/Imagen21-421x64.png 421w, https:\/\/clickturismo.es\/wp-content\/uploads\/2022\/02\/Imagen21-800x122.png 800w\" sizes=\"auto, (max-width: 921px) 100vw, 921px\" \/><\/a><\/figure>\n\n\n\n<figure class=\"wp-block-image size-full is-resized\"><a href=\"http:\/\/turismoburgos.digital\/index.php\/burgos-2\/\"><img loading=\"lazy\" decoding=\"async\" src=\"https:\/\/clickturismo.es\/wp-content\/uploads\/2022\/02\/Imagen22.png\" alt=\"\" class=\"wp-image-14\" width=\"919\" height=\"142\" srcset=\"https:\/\/clickturismo.es\/wp-content\/uploads\/2022\/02\/Imagen22.png 805w, https:\/\/clickturismo.es\/wp-content\/uploads\/2022\/02\/Imagen22-300x46.png 300w, https:\/\/clickturismo.es\/wp-content\/uploads\/2022\/02\/Imagen22-768x118.png 768w, https:\/\/clickturismo.es\/wp-content\/uploads\/2022\/02\/Imagen22-421x65.png 421w, https:\/\/clickturismo.es\/wp-content\/uploads\/2022\/02\/Imagen22-800x124.png 800w\" sizes=\"auto, (max-width: 919px) 100vw, 919px\" \/><\/a><\/figure>\n\n\n\n<figure class=\"wp-block-image size-full is-resized\"><a href=\"https:\/\/clickturismo.es\/index.php\/leon\/\"><img loading=\"lazy\" decoding=\"async\" src=\"https:\/\/clickturismo.es\/wp-content\/uploads\/2022\/02\/Imagen23.png\" alt=\"\" class=\"wp-image-15\" width=\"919\" height=\"142\" srcset=\"https:\/\/clickturismo.es\/wp-content\/uploads\/2022\/02\/Imagen23.png 804w, https:\/\/clickturismo.es\/wp-content\/uploads\/2022\/02\/Imagen23-300x46.png 300w, https:\/\/clickturismo.es\/wp-content\/uploads\/2022\/02\/Imagen23-768x118.png 768w, https:\/\/clickturismo.es\/wp-content\/uploads\/2022\/02\/Imagen23-421x65.png 421w, https:\/\/clickturismo.es\/wp-content\/uploads\/2022\/02\/Imagen23-800x124.png 800w\" sizes=\"auto, (max-width: 919px) 100vw, 919px\" \/><\/a><\/figure>\n\n\n\n<figure class=\"wp-block-image size-full is-resized\"><a href=\"http:\/\/turismopalencia.digital\/index.php\/palencia\/\"><img loading=\"lazy\" decoding=\"async\" src=\"https:\/\/clickturismo.es\/wp-content\/uploads\/2022\/02\/Imagen24.png\" alt=\"\" class=\"wp-image-16\" width=\"919\" height=\"140\" srcset=\"https:\/\/clickturismo.es\/wp-content\/uploads\/2022\/02\/Imagen24.png 803w, https:\/\/clickturismo.es\/wp-content\/uploads\/2022\/02\/Imagen24-300x46.png 300w, https:\/\/clickturismo.es\/wp-content\/uploads\/2022\/02\/Imagen24-768x117.png 768w, https:\/\/clickturismo.es\/wp-content\/uploads\/2022\/02\/Imagen24-421x64.png 421w, https:\/\/clickturismo.es\/wp-content\/uploads\/2022\/02\/Imagen24-800x122.png 800w\" sizes=\"auto, (max-width: 919px) 100vw, 919px\" \/><\/a><\/figure>\n\n\n\n<figure class=\"wp-block-image size-full is-resized\"><a href=\"https:\/\/clickturismo.es\/index.php\/salamanca\/\"><img loading=\"lazy\" decoding=\"async\" src=\"https:\/\/clickturismo.es\/wp-content\/uploads\/2022\/02\/Imagen25.png\" alt=\"\" class=\"wp-image-17\" width=\"920\" height=\"142\" srcset=\"https:\/\/clickturismo.es\/wp-content\/uploads\/2022\/02\/Imagen25.png 804w, https:\/\/clickturismo.es\/wp-content\/uploads\/2022\/02\/Imagen25-300x46.png 300w, https:\/\/clickturismo.es\/wp-content\/uploads\/2022\/02\/Imagen25-768x118.png 768w, https:\/\/clickturismo.es\/wp-content\/uploads\/2022\/02\/Imagen25-421x65.png 421w, https:\/\/clickturismo.es\/wp-content\/uploads\/2022\/02\/Imagen25-800x124.png 800w\" sizes=\"auto, (max-width: 920px) 100vw, 920px\" \/><\/a><\/figure>\n\n\n\n<figure class=\"wp-block-image size-full is-resized\"><a href=\"https:\/\/clickturismo.es\/index.php\/segovia\/\"><img loading=\"lazy\" decoding=\"async\" src=\"https:\/\/clickturismo.es\/wp-content\/uploads\/2022\/02\/Imagen26.png\" alt=\"\" class=\"wp-image-18\" width=\"920\" height=\"142\" srcset=\"https:\/\/clickturismo.es\/wp-content\/uploads\/2022\/02\/Imagen26.png 804w, https:\/\/clickturismo.es\/wp-content\/uploads\/2022\/02\/Imagen26-300x46.png 300w, https:\/\/clickturismo.es\/wp-content\/uploads\/2022\/02\/Imagen26-768x118.png 768w, https:\/\/clickturismo.es\/wp-content\/uploads\/2022\/02\/Imagen26-421x65.png 421w, https:\/\/clickturismo.es\/wp-content\/uploads\/2022\/02\/Imagen26-800x124.png 800w\" sizes=\"auto, (max-width: 920px) 100vw, 920px\" \/><\/a><\/figure>\n\n\n\n<figure class=\"wp-block-image size-full is-resized\"><a href=\"https:\/\/clickturismo.es\/index.php\/soria\/\"><img loading=\"lazy\" decoding=\"async\" src=\"https:\/\/clickturismo.es\/wp-content\/uploads\/2022\/02\/Imagen27.png\" alt=\"\" class=\"wp-image-19\" width=\"920\" height=\"139\" srcset=\"https:\/\/clickturismo.es\/wp-content\/uploads\/2022\/02\/Imagen27.png 803w, https:\/\/clickturismo.es\/wp-content\/uploads\/2022\/02\/Imagen27-300x45.png 300w, https:\/\/clickturismo.es\/wp-content\/uploads\/2022\/02\/Imagen27-768x116.png 768w, https:\/\/clickturismo.es\/wp-content\/uploads\/2022\/02\/Imagen27-421x63.png 421w, https:\/\/clickturismo.es\/wp-content\/uploads\/2022\/02\/Imagen27-800x121.png 800w\" sizes=\"auto, (max-width: 920px) 100vw, 920px\" \/><\/a><\/figure>\n\n\n\n<figure class=\"wp-block-image size-full is-resized\"><a href=\"https:\/\/clickturismo.es\/index.php\/valladolid\/\"><img loading=\"lazy\" decoding=\"async\" src=\"https:\/\/clickturismo.es\/wp-content\/uploads\/2022\/02\/Imagen28.png\" alt=\"\" class=\"wp-image-20\" width=\"919\" height=\"141\" srcset=\"https:\/\/clickturismo.es\/wp-content\/uploads\/2022\/02\/Imagen28.png 804w, https:\/\/clickturismo.es\/wp-content\/uploads\/2022\/02\/Imagen28-300x46.png 300w, https:\/\/clickturismo.es\/wp-content\/uploads\/2022\/02\/Imagen28-768x117.png 768w, https:\/\/clickturismo.es\/wp-content\/uploads\/2022\/02\/Imagen28-421x64.png 421w, https:\/\/clickturismo.es\/wp-content\/uploads\/2022\/02\/Imagen28-800x123.png 800w\" sizes=\"auto, (max-width: 919px) 100vw, 919px\" \/><\/a><\/figure>\n\n\n\n<figure class=\"wp-block-image size-full is-resized\"><a href=\"https:\/\/clickturismo.es\/index.php\/zamora\/\"><img loading=\"lazy\" decoding=\"async\" src=\"https:\/\/clickturismo.es\/wp-content\/uploads\/2022\/02\/Imagen29.png\" alt=\"\" class=\"wp-image-21\" width=\"919\" height=\"141\" srcset=\"https:\/\/clickturismo.es\/wp-content\/uploads\/2022\/02\/Imagen29.png 804w, https:\/\/clickturismo.es\/wp-content\/uploads\/2022\/02\/Imagen29-300x46.png 300w, https:\/\/clickturismo.es\/wp-content\/uploads\/2022\/02\/Imagen29-768x117.png 768w, https:\/\/clickturismo.es\/wp-content\/uploads\/2022\/02\/Imagen29-421x64.png 421w, https:\/\/clickturismo.es\/wp-content\/uploads\/2022\/02\/Imagen29-800x123.png 800w\" sizes=\"auto, (max-width: 919px) 100vw, 919px\" \/><\/a><\/figure>\n\n\n\n<hr class=\"wp-block-separator\"\/>\n\n\n\n<figure class=\"wp-block-embed is-type-video is-provider-youtube wp-block-embed-youtube wp-embed-aspect-16-9 wp-has-aspect-ratio\"><div class=\"wp-block-embed__wrapper\">\n<iframe loading=\"lazy\" title=\"Vive Castilla y Le\u00f3n \u00a1Castilla y Le\u00f3n es Vida!\" width=\"1032\" height=\"581\" src=\"https:\/\/www.youtube.com\/embed\/tR-yxjPDeeE?start=5&#038;feature=oembed\" frameborder=\"0\" allow=\"accelerometer; autoplay; clipboard-write; encrypted-media; gyroscope; picture-in-picture\" allowfullscreen><\/iframe>\n<\/div><\/figure>\n\n\n\n<hr class=\"wp-block-separator\"\/>\n\n\n\n<p><\/p>\n","protected":false},"excerpt":{"rendered":"<p>Ancha es Castilla.De norte a sur, de este a oeste, recorremos esta comunidad aut\u00f3noma para ense\u00f1aros los lugares m\u00e1s bonitos que ver en Castilla y &hellip;<\/p>\n","protected":false},"author":1,"featured_media":79,"parent":0,"menu_order":0,"comment_status":"closed","ping_status":"open","template":"","meta":{"_monsterinsights_skip_tracking":false,"_monsterinsights_sitenote_active":false,"_monsterinsights_sitenote_note":"","_monsterinsights_sitenote_category":0,"footnotes":""},"class_list":["post-2","page","type-page","status-publish","has-post-thumbnail","hentry"],"_links":{"self":[{"href":"https:\/\/clickturismo.es\/index.php\/wp-json\/wp\/v2\/pages\/2","targetHints":{"allow":["GET"]}}],"collection":[{"href":"https:\/\/clickturismo.es\/index.php\/wp-json\/wp\/v2\/pages"}],"about":[{"href":"https:\/\/clickturismo.es\/index.php\/wp-json\/wp\/v2\/types\/page"}],"author":[{"embeddable":true,"href":"https:\/\/clickturismo.es\/index.php\/wp-json\/wp\/v2\/users\/1"}],"replies":[{"embeddable":true,"href":"https:\/\/clickturismo.es\/index.php\/wp-json\/wp\/v2\/comments?post=2"}],"version-history":[{"count":18,"href":"https:\/\/clickturismo.es\/index.php\/wp-json\/wp\/v2\/pages\/2\/revisions"}],"predecessor-version":[{"id":244,"href":"https:\/\/clickturismo.es\/index.php\/wp-json\/wp\/v2\/pages\/2\/revisions\/244"}],"wp:featuredmedia":[{"embeddable":true,"href":"https:\/\/clickturismo.es\/index.php\/wp-json\/wp\/v2\/media\/79"}],"wp:attachment":[{"href":"https:\/\/clickturismo.es\/index.php\/wp-json\/wp\/v2\/media?parent=2"}],"curies":[{"name":"wp","href":"https:\/\/api.w.org\/{rel}","templated":true}]}}